{"id":4482,"date":"2023-08-02T08:52:50","date_gmt":"2023-08-02T08:52:50","guid":{"rendered":"https:\/\/okeanisbarriers.com\/?page_id=4482"},"modified":"2025-01-15T03:54:14","modified_gmt":"2025-01-15T03:54:14","slug":"debris-barriers","status":"publish","type":"page","link":"https:\/\/okeanisbarriers.com\/index.php\/es\/products\/debris-barriers\/","title":{"rendered":"Barreras de debris"},"content":{"rendered":"<div class=\"wpb-content-wrapper\">[vc_section full_width=&#8221;stretch_row&#8221; css=&#8221;.vc_custom_1690983864276{margin-top: -100px !important;background: #e0e0cd url(https:\/\/okeanisbarriers.com\/wp-content\/uploads\/2018\/05\/pattern_bottom.png?id=3693) !important;}&#8221;][vc_row column_separator_row=&#8221;&#8221; masked_row=&#8221;&#8221;][vc_column][gt3_custom_text text_color=&#8221;#ffffff&#8221; font_size=&#8221;34&#8243;]\n<p style=\"text-align: center;\"><span style=\"color: #ffffff;\">Defendiendo los desechos, protegiendo los oc\u00e9anos<\/span><\/p>\n[\/gt3_custom_text][gt3_spacing height=&#8221;32px&#8221;][\/vc_column][\/vc_row][\/vc_section][vc_row][vc_column][gt3_spacing height=&#8221;60px&#8221;][gt3_custom_text text_color=&#8221;#000000&#8243; font_size=&#8221;40&#8243;]\n<p style=\"text-align: center;\">Barreras de debris \/ Barreras de basura<\/p>\n[\/gt3_custom_text][gt3_spacing height=&#8221;32px&#8221;][gt3_custom_text text_color=&#8221;#737d84&#8243; font_size=&#8221;16&#8243;]Okeanis es reconocida mundialmente por sus barreras flotantes para desechos?, tambi\u00e9n conocidas como barreras flotantes para desechos o basura. Estos productos han sido dise\u00f1ados para controlar eficientemente la contaminaci\u00f3n al contener y desviar basura y algas marinas, y est\u00e1n dise\u00f1ados para resistir condiciones clim\u00e1ticas adversas y altas cargas de contaminantes durante per\u00edodos prolongados.<\/p>\n<p>Okeanis se enorgullece de presentar la serie Okean-Net de barreras flotantes, que presenta faldones de retenci\u00f3n fabricados con una variedad de materiales de red. Esta serie incluye tres dise\u00f1os principales con diferentes caracter\u00edsticas y opciones para atender una amplia gama de proyectos.<\/p>\n<p>Las barreras para desechos de la categor\u00eda Okean-Net son las barreras flotantes m\u00e1s duraderas Y con la m\u00e1s amplia gama de aplicaciones para combatir la contaminaci\u00f3n causada por la basura y las algas en ambientes marinos. Estas barreras cuentan con un dise\u00f1o hidrodin\u00e1mico y aerodin\u00e1mico que proporciona una estabilidad flotante excepcional, eficiencia y m\u00e1xima resistencia en todas las condiciones meteorol\u00f3gicas.<\/p>\n[\/gt3_custom_text][gt3_spacing height=&#8221;60px&#8221;][\/vc_column][\/vc_row][vc_row][vc_column][gt3_custom_text text_color=&#8221;#000000&#8243; font_size=&#8221;30&#8243;]\n<p style=\"text-align: center;\">Subcategories<\/p>\n[\/gt3_custom_text][gt3_spacing height=&#8221;32px&#8221;][vc_basic_grid post_type=&#8221;ids&#8221; item=&#8221;4476&#8243; grid_id=&#8221;vc_gid:1736913136449-b324f8a5-a16a-2&#8243; include=&#8221;4525, 4531, 4534&#8243;][gt3_spacing height=&#8221;60px&#8221;][\/vc_column][\/vc_row]\n<\/div>","protected":false},"excerpt":{"rendered":"<p>[vc_section full_width=&#8221;stretch_row&#8221; css=&#8221;.vc_custom_1690983864276{margin-top: -100px !important;background: #e0e0cd url(https:\/\/okeanisbarriers.com\/wp-content\/uploads\/2018\/05\/pattern_bottom.png?id=3693) !important;}&#8221;][vc_row column_separator_row=&#8221;&#8221; masked_row=&#8221;&#8221;][vc_column][gt3_custom_text text_color=&#8221;#ffffff&#8221; font_size=&#8221;34&#8243;] Defendiendo los desechos, protegiendo los oc\u00e9anos [\/gt3_custom_text][gt3_spacing height=&#8221;32px&#8221;][\/vc_column][\/vc_row][\/vc_section][vc_row][vc_column][gt3_spacing height=&#8221;60px&#8221;][gt3_custom_text text_color=&#8221;#000000&#8243; font_size=&#8221;40&#8243;] Barreras de debris \/ Barreras de basura [\/gt3_custom_text][gt3_spacing height=&#8221;32px&#8221;][gt3_custom_text text_color=&#8221;#737d84&#8243; font_size=&#8221;16&#8243;]Okeanis es reconocida mundialmente por sus barreras flotantes para desechos?, tambi\u00e9n conocidas como barreras flotantes para desechos o basura. Estos productos han [&hellip;]<\/p>\n","protected":false},"author":1,"featured_media":4540,"parent":4178,"menu_order":0,"comment_status":"closed","ping_status":"closed","template":"","meta":{"footnotes":""},"class_list":["post-4482","page","type-page","status-publish","has-post-thumbnail","hentry"],"yoast_head":"<!-- This site is optimized with the Yoast SEO plugin v24.7 - https:\/\/yoast.com\/wordpress\/plugins\/seo\/ -->\n<title>Barreras de debris - Floating Barriers &amp; Booms %<\/title>\n<meta name=\"description\" content=\"%\" \/>\n<meta name=\"robots\" content=\"index, follow, max-snippet:-1, max-image-preview:large, max-video-preview:-1\" \/>\n<link rel=\"canonical\" href=\"https:\/\/okeanisbarriers.com\/index.php\/es\/products\/debris-barriers\/\" \/>\n<meta property=\"og:locale\" content=\"en_US\" \/>\n<meta property=\"og:type\" content=\"article\" \/>\n<meta property=\"og:title\" content=\"Barreras de debris - Floating Barriers &amp; Booms %\" \/>\n<meta property=\"og:description\" content=\"%\" \/>\n<meta property=\"og:url\" content=\"https:\/\/okeanisbarriers.com\/index.php\/es\/products\/debris-barriers\/\" \/>\n<meta property=\"og:site_name\" content=\"Floating Barriers &amp; Booms\" \/>\n<meta property=\"article:publisher\" content=\"https:\/\/www.facebook.com\/okeanis.floating.booms\/\" \/>\n<meta property=\"article:modified_time\" content=\"2025-01-15T03:54:14+00:00\" \/>\n<meta property=\"og:image\" content=\"https:\/\/okeanisbarriers.com\/wp-content\/uploads\/2023\/08\/pollution_500x333.jpg\" \/>\n\t<meta property=\"og:image:width\" content=\"500\" \/>\n\t<meta property=\"og:image:height\" content=\"333\" \/>\n\t<meta property=\"og:image:type\" content=\"image\/jpeg\" \/>\n<meta name=\"twitter:card\" content=\"summary_large_image\" \/>\n<meta name=\"twitter:label1\" content=\"Est. reading time\" \/>\n\t<meta name=\"twitter:data1\" content=\"2 minutes\" \/>\n<script type=\"application\/ld+json\" class=\"yoast-schema-graph\">{\"@context\":\"https:\/\/schema.org\",\"@graph\":[{\"@type\":\"WebPage\",\"@id\":\"https:\/\/okeanisbarriers.com\/index.php\/es\/products\/debris-barriers\/\",\"url\":\"https:\/\/okeanisbarriers.com\/index.php\/es\/products\/debris-barriers\/\",\"name\":\"Barreras de debris - Floating Barriers &amp; Booms %\",\"isPartOf\":{\"@id\":\"https:\/\/okeanisbarriers.com\/#website\"},\"primaryImageOfPage\":{\"@id\":\"https:\/\/okeanisbarriers.com\/index.php\/es\/products\/debris-barriers\/#primaryimage\"},\"image\":{\"@id\":\"https:\/\/okeanisbarriers.com\/index.php\/es\/products\/debris-barriers\/#primaryimage\"},\"thumbnailUrl\":\"https:\/\/okeanisbarriers.com\/wp-content\/uploads\/2023\/08\/pollution_500x333.jpg\",\"datePublished\":\"2023-08-02T08:52:50+00:00\",\"dateModified\":\"2025-01-15T03:54:14+00:00\",\"description\":\"%\",\"breadcrumb\":{\"@id\":\"https:\/\/okeanisbarriers.com\/index.php\/es\/products\/debris-barriers\/#breadcrumb\"},\"inLanguage\":\"en-US\",\"potentialAction\":[{\"@type\":\"ReadAction\",\"target\":[\"https:\/\/okeanisbarriers.com\/index.php\/es\/products\/debris-barriers\/\"]}]},{\"@type\":\"ImageObject\",\"inLanguage\":\"en-US\",\"@id\":\"https:\/\/okeanisbarriers.com\/index.php\/es\/products\/debris-barriers\/#primaryimage\",\"url\":\"https:\/\/okeanisbarriers.com\/wp-content\/uploads\/2023\/08\/pollution_500x333.jpg\",\"contentUrl\":\"https:\/\/okeanisbarriers.com\/wp-content\/uploads\/2023\/08\/pollution_500x333.jpg\",\"width\":500,\"height\":333},{\"@type\":\"BreadcrumbList\",\"@id\":\"https:\/\/okeanisbarriers.com\/index.php\/es\/products\/debris-barriers\/#breadcrumb\",\"itemListElement\":[{\"@type\":\"ListItem\",\"position\":1,\"name\":\"Home\",\"item\":\"https:\/\/okeanisbarriers.com\/index.php\/es\/home\/\"},{\"@type\":\"ListItem\",\"position\":2,\"name\":\"Productos\",\"item\":\"https:\/\/okeanisbarriers.com\/index.php\/es\/products\/\"},{\"@type\":\"ListItem\",\"position\":3,\"name\":\"Barreras de debris\"}]},{\"@type\":\"WebSite\",\"@id\":\"https:\/\/okeanisbarriers.com\/#website\",\"url\":\"https:\/\/okeanisbarriers.com\/\",\"name\":\"Okeanis - Floating Barriers & Booms\",\"description\":\"Floating barriers&#039; manufacturing\",\"publisher\":{\"@id\":\"https:\/\/okeanisbarriers.com\/#organization\"},\"alternateName\":\"Okeanis Floating Booms\",\"potentialAction\":[{\"@type\":\"SearchAction\",\"target\":{\"@type\":\"EntryPoint\",\"urlTemplate\":\"https:\/\/okeanisbarriers.com\/?s={search_term_string}\"},\"query-input\":{\"@type\":\"PropertyValueSpecification\",\"valueRequired\":true,\"valueName\":\"search_term_string\"}}],\"inLanguage\":\"en-US\"},{\"@type\":\"Organization\",\"@id\":\"https:\/\/okeanisbarriers.com\/#organization\",\"name\":\"Okeanis Floating Barriers & Booms\",\"alternateName\":\"Oceanis Ltd - Floating Booms\",\"url\":\"https:\/\/okeanisbarriers.com\/\",\"logo\":{\"@type\":\"ImageObject\",\"inLanguage\":\"en-US\",\"@id\":\"https:\/\/okeanisbarriers.com\/#\/schema\/logo\/image\/\",\"url\":\"https:\/\/okeanisbarriers.com\/wp-content\/uploads\/2025\/04\/210506_okeanis_New_Logo_0006-scaled.png\",\"contentUrl\":\"https:\/\/okeanisbarriers.com\/wp-content\/uploads\/2025\/04\/210506_okeanis_New_Logo_0006-scaled.png\",\"width\":2316,\"height\":2560,\"caption\":\"Okeanis Floating Barriers & Booms\"},\"image\":{\"@id\":\"https:\/\/okeanisbarriers.com\/#\/schema\/logo\/image\/\"},\"sameAs\":[\"https:\/\/www.facebook.com\/okeanis.floating.booms\/\"]}]}<\/script>\n<!-- \/ Yoast SEO plugin. -->","yoast_head_json":{"title":"Barreras de debris - Floating Barriers &amp; Booms %","description":"%","robots":{"index":"index","follow":"follow","max-snippet":"max-snippet:-1","max-image-preview":"max-image-preview:large","max-video-preview":"max-video-preview:-1"},"canonical":"https:\/\/okeanisbarriers.com\/index.php\/es\/products\/debris-barriers\/","og_locale":"en_US","og_type":"article","og_title":"Barreras de debris - Floating Barriers &amp; Booms %","og_description":"%","og_url":"https:\/\/okeanisbarriers.com\/index.php\/es\/products\/debris-barriers\/","og_site_name":"Floating Barriers &amp; Booms","article_publisher":"https:\/\/www.facebook.com\/okeanis.floating.booms\/","article_modified_time":"2025-01-15T03:54:14+00:00","og_image":[{"width":500,"height":333,"url":"https:\/\/okeanisbarriers.com\/wp-content\/uploads\/2023\/08\/pollution_500x333.jpg","type":"image\/jpeg"}],"twitter_card":"summary_large_image","twitter_misc":{"Est. reading time":"2 minutes"},"schema":{"@context":"https:\/\/schema.org","@graph":[{"@type":"WebPage","@id":"https:\/\/okeanisbarriers.com\/index.php\/es\/products\/debris-barriers\/","url":"https:\/\/okeanisbarriers.com\/index.php\/es\/products\/debris-barriers\/","name":"Barreras de debris - Floating Barriers &amp; Booms %","isPartOf":{"@id":"https:\/\/okeanisbarriers.com\/#website"},"primaryImageOfPage":{"@id":"https:\/\/okeanisbarriers.com\/index.php\/es\/products\/debris-barriers\/#primaryimage"},"image":{"@id":"https:\/\/okeanisbarriers.com\/index.php\/es\/products\/debris-barriers\/#primaryimage"},"thumbnailUrl":"https:\/\/okeanisbarriers.com\/wp-content\/uploads\/2023\/08\/pollution_500x333.jpg","datePublished":"2023-08-02T08:52:50+00:00","dateModified":"2025-01-15T03:54:14+00:00","description":"%","breadcrumb":{"@id":"https:\/\/okeanisbarriers.com\/index.php\/es\/products\/debris-barriers\/#breadcrumb"},"inLanguage":"en-US","potentialAction":[{"@type":"ReadAction","target":["https:\/\/okeanisbarriers.com\/index.php\/es\/products\/debris-barriers\/"]}]},{"@type":"ImageObject","inLanguage":"en-US","@id":"https:\/\/okeanisbarriers.com\/index.php\/es\/products\/debris-barriers\/#primaryimage","url":"https:\/\/okeanisbarriers.com\/wp-content\/uploads\/2023\/08\/pollution_500x333.jpg","contentUrl":"https:\/\/okeanisbarriers.com\/wp-content\/uploads\/2023\/08\/pollution_500x333.jpg","width":500,"height":333},{"@type":"BreadcrumbList","@id":"https:\/\/okeanisbarriers.com\/index.php\/es\/products\/debris-barriers\/#breadcrumb","itemListElement":[{"@type":"ListItem","position":1,"name":"Home","item":"https:\/\/okeanisbarriers.com\/index.php\/es\/home\/"},{"@type":"ListItem","position":2,"name":"Productos","item":"https:\/\/okeanisbarriers.com\/index.php\/es\/products\/"},{"@type":"ListItem","position":3,"name":"Barreras de debris"}]},{"@type":"WebSite","@id":"https:\/\/okeanisbarriers.com\/#website","url":"https:\/\/okeanisbarriers.com\/","name":"Okeanis - Floating Barriers & Booms","description":"Floating barriers&#039; manufacturing","publisher":{"@id":"https:\/\/okeanisbarriers.com\/#organization"},"alternateName":"Okeanis Floating Booms","potentialAction":[{"@type":"SearchAction","target":{"@type":"EntryPoint","urlTemplate":"https:\/\/okeanisbarriers.com\/?s={search_term_string}"},"query-input":{"@type":"PropertyValueSpecification","valueRequired":true,"valueName":"search_term_string"}}],"inLanguage":"en-US"},{"@type":"Organization","@id":"https:\/\/okeanisbarriers.com\/#organization","name":"Okeanis Floating Barriers & Booms","alternateName":"Oceanis Ltd - Floating Booms","url":"https:\/\/okeanisbarriers.com\/","logo":{"@type":"ImageObject","inLanguage":"en-US","@id":"https:\/\/okeanisbarriers.com\/#\/schema\/logo\/image\/","url":"https:\/\/okeanisbarriers.com\/wp-content\/uploads\/2025\/04\/210506_okeanis_New_Logo_0006-scaled.png","contentUrl":"https:\/\/okeanisbarriers.com\/wp-content\/uploads\/2025\/04\/210506_okeanis_New_Logo_0006-scaled.png","width":2316,"height":2560,"caption":"Okeanis Floating Barriers & Booms"},"image":{"@id":"https:\/\/okeanisbarriers.com\/#\/schema\/logo\/image\/"},"sameAs":["https:\/\/www.facebook.com\/okeanis.floating.booms\/"]}]}},"_links":{"self":[{"href":"https:\/\/okeanisbarriers.com\/index.php\/wp-json\/wp\/v2\/pages\/4482","targetHints":{"allow":["GET"]}}],"collection":[{"href":"https:\/\/okeanisbarriers.com\/index.php\/wp-json\/wp\/v2\/pages"}],"about":[{"href":"https:\/\/okeanisbarriers.com\/index.php\/wp-json\/wp\/v2\/types\/page"}],"author":[{"embeddable":true,"href":"https:\/\/okeanisbarriers.com\/index.php\/wp-json\/wp\/v2\/users\/1"}],"replies":[{"embeddable":true,"href":"https:\/\/okeanisbarriers.com\/index.php\/wp-json\/wp\/v2\/comments?post=4482"}],"version-history":[{"count":16,"href":"https:\/\/okeanisbarriers.com\/index.php\/wp-json\/wp\/v2\/pages\/4482\/revisions"}],"predecessor-version":[{"id":5463,"href":"https:\/\/okeanisbarriers.com\/index.php\/wp-json\/wp\/v2\/pages\/4482\/revisions\/5463"}],"up":[{"embeddable":true,"href":"https:\/\/okeanisbarriers.com\/index.php\/wp-json\/wp\/v2\/pages\/4178"}],"wp:featuredmedia":[{"embeddable":true,"href":"https:\/\/okeanisbarriers.com\/index.php\/wp-json\/wp\/v2\/media\/4540"}],"wp:attachment":[{"href":"https:\/\/okeanisbarriers.com\/index.php\/wp-json\/wp\/v2\/media?parent=4482"}],"curies":[{"name":"wp","href":"https:\/\/api.w.org\/{rel}","templated":true}]}}