{"id":4486,"date":"2023-08-02T10:10:16","date_gmt":"2023-08-02T10:10:16","guid":{"rendered":"https:\/\/okeanisbarriers.com\/?page_id=4486"},"modified":"2024-12-08T17:10:33","modified_gmt":"2024-12-08T17:10:33","slug":"multiple-retention","status":"publish","type":"page","link":"https:\/\/okeanisbarriers.com\/index.php\/es\/products\/multiple-retention\/","title":{"rendered":"Retenci\u00f3n M\u00faltiple"},"content":{"rendered":"<div class=\"wpb-content-wrapper\">[vc_section full_width=&#8221;stretch_row&#8221; css=&#8221;.vc_custom_1690983864276{margin-top: -100px !important;background: #e0e0cd url(https:\/\/okeanisbarriers.com\/wp-content\/uploads\/2018\/05\/pattern_bottom.png?id=3693) !important;}&#8221;][vc_row column_separator_row=&#8221;&#8221; masked_row=&#8221;&#8221;][vc_column][gt3_custom_text text_color=&#8221;#737d84&#8243; font_size=&#8221;34&#8243;]\n<p style=\"text-align: center;\"><span style=\"color: #ffffff;\">Soluciones vers\u00e1tiles para todas sus necesidades<\/span><\/p>\n[\/gt3_custom_text][gt3_spacing height=&#8221;32px&#8221;][\/vc_column][\/vc_row][\/vc_section][vc_row][vc_column][gt3_spacing height=&#8221;60px&#8221;][gt3_custom_text text_color=&#8221;#000000&#8243; font_size=&#8221;40&#8243;]\n<p style=\"text-align: center;\">Retenci\u00f3n M\u00faltiple (Auge barrera de contenci\u00f3n de petr\u00f3leo y debris)<\/p>\n[\/gt3_custom_text][gt3_spacing height=&#8221;32px&#8221;][gt3_custom_text text_color=&#8221;#737d84&#8243; font_size=&#8221;16&#8243;]La barrera flotante de Retenci\u00f3n M\u00faltiple, bajo el nombre comercial Okean-NetBoom, est\u00e1 dise\u00f1ada para dar soluci\u00f3n a la contaminaci\u00f3n por productos derivados del petr\u00f3leo, otras aguas residuales h\u00famedas, algas y basura flotante.<\/p>\n<p>&nbsp;<\/p>\n<p>Con la adecuada combinaci\u00f3n de red y tejidos sint\u00e9ticos especiales en le centro de inmersi\u00f3n del sistema, la barrera flotante de Retenci\u00f3n M\u00faltiple constituye la soluci\u00f3n al enfrentamiento de diversas formas de contaminaci\u00f3n.<\/p>\n<p>&nbsp;<\/p>\n<p>La combinaci\u00f3n de materiales con diferentes atributos y caracter\u00edsticas se consigue logra o alcanza ahora para fabricar un sistema flotante polivalente dirigido a hacer frente a todo tipo de contaminantes.<\/p>\n<p><strong>Informaci\u00f3n adicional<\/strong><br \/>\nLa barrera flotante Okean-NetBoom est\u00e1 dise\u00f1ada para uso permanente y para la retenci\u00f3n de petr\u00f3leo, espuma, embarcaciones, algas, basura y debris.<br \/>\nLa combinaci\u00f3n de tela y red reduce la resistencia de la barrera flotante y tambi\u00e9n distribuye las fuerzas del agua de manera uniforme, aumentando as\u00ed la durabilidad y eficacia de la barrera.<\/p>\n<p>&nbsp;<\/p>\n<p>Caracter\u00edsticas t\u00e9cnicas<\/p>\n<ul>\n<li>Francobordo alto, los debris no se desbordar\u00e1n<\/li>\n<li>Alto tiro, eficiencia mejorada<\/li>\n<li>Estabilidad flotante<\/li>\n<li>La malla fina no supone ning\u00fan riesgo para la vida marina<\/li>\n<li>Flexible, el\u00e1stico, amortiguador<\/li>\n<li>Colores de visibilidad naranja y azul.<\/li>\n<li>Resistente a los rayos UV y a los qu\u00edmicos<\/li>\n<li>Adecuado para instalaci\u00f3n permanente o estacional en todos los entornos marinos.<\/li>\n<li>Reciclable despu\u00e9s de su uso.<\/li>\n<\/ul>\n[\/gt3_custom_text][\/vc_column][\/vc_row][vc_row][vc_column][gt3_spacing height=&#8221;32px&#8221;][vc_tta_accordion c_icon=&#8221;chevron&#8221; active_section=&#8221;&#8221; collapsible_all=&#8221;true&#8221;][vc_tta_section title=&#8221;Campo t\u00e9cnico de Okean-NetBoom&#8221; tab_id=&#8221;1701419487147-070697d5-aa20&#8243;][gt3_custom_text text_color=&#8221;#737d84&#8243; font_size=&#8221;16&#8243;]\n<table width=\"650\">\n<tbody>\n<tr>\n<td width=\"206\">Tipo:<\/td>\n<td width=\"227\">Okean-NetBoom 55\/150<\/td>\n<td width=\"217\">Okean-NetBoom 55\/170<\/td>\n<\/tr>\n<tr>\n<td width=\"206\">Altura total :<\/td>\n<td width=\"227\">1,50 m<\/td>\n<td width=\"217\">1,70 m<\/td>\n<\/tr>\n<tr>\n<td width=\"206\">Francobordo :<\/td>\n<td width=\"227\">0,50 m<\/td>\n<td width=\"217\">0,50 m<\/td>\n<\/tr>\n<tr>\n<td width=\"206\">Borrador:<\/td>\n<td width=\"227\">1,00 m<\/td>\n<td width=\"217\">1,20 m<\/td>\n<\/tr>\n<tr>\n<td width=\"206\">Peso\/m (promedio):<\/td>\n<td width=\"227\">8,6 Kg\/m<\/td>\n<td width=\"217\">8,9 Kg\/m<\/td>\n<\/tr>\n<tr>\n<td width=\"206\">Resistencia a la rotura (carga de trabajo total de las cuerdas):<\/td>\n<td width=\"227\">17 Tnf<\/td>\n<td width=\"217\">17 Tnf<\/td>\n<\/tr>\n<tr>\n<td width=\"206\">Material de red :<\/td>\n<td colspan=\"2\" width=\"445\">PA | UHMWPE<\/td>\n<\/tr>\n<tr>\n<td width=\"206\">Resistencia a la tracci\u00f3n de la red (Promedio):<\/td>\n<td colspan=\"2\" width=\"445\">Longitudinales 5100Kp\/m,<\/p>\n<p>Transversal 9000Kp \/m<\/td>\n<\/tr>\n<tr>\n<td width=\"206\">Altura del material de retenci\u00f3n:<\/td>\n<td colspan=\"2\" width=\"445\">55cm<\/td>\n<\/tr>\n<tr>\n<td width=\"206\">Tejido de retenci\u00f3n:<\/td>\n<td colspan=\"2\" width=\"445\"><span>Doble capa de PVC, con hilo interior de poli\u00e9ster, estabilizado a los rayos UV<\/span><\/td>\n<\/tr>\n<tr>\n<td width=\"206\">Resistencia a la tracci\u00f3n del tejido:<\/td>\n<td colspan=\"2\" width=\"445\"><span>Warp: 8000N\/50mm | Weft: 7000N\/50mm<\/span><\/td>\n<\/tr>\n<tr>\n<td width=\"206\">Resistencia al desgarre:<\/td>\n<td colspan=\"2\" width=\"445\"><span>Warp: 1200N | Weft: 1000N<\/span><\/td>\n<\/tr>\n<tr>\n<td width=\"206\">Longitud de la secci\u00f3n:<\/td>\n<td colspan=\"2\" width=\"445\">20m, 25m y personalizado<\/td>\n<\/tr>\n<\/tbody>\n<\/table>\n[\/gt3_custom_text][\/vc_tta_section][\/vc_tta_accordion][\/vc_column][\/vc_row][vc_row][vc_column][gt3_spacing height=&#8221;32px&#8221;][gt3_custom_text text_color=&#8221;#737d84&#8243; font_size=&#8221;45&#8243;]\n<p style=\"text-align: center;\">FOTOS DE LA APLICACI\u00d3N<\/p>\n[\/gt3_custom_text][gt3_gallery_packery images=&#8221;4617,4618,4619,4620,4621,4622&#8243; packery_layout=&#8221;pls_4items&#8221;][gt3_spacing height=&#8221;32px&#8221;][gt3_button button_title=&#8221;Back&#8221; button_alignment=&#8221;right&#8221; link=&#8221;url:https%3A%2F%2Fokeanisbarriers.com%2Findex.php%2Fproducts%2F|title:Products&#8221;][\/vc_column][\/vc_row]\n<\/div>","protected":false},"excerpt":{"rendered":"<p>[vc_section full_width=&#8221;stretch_row&#8221; css=&#8221;.vc_custom_1690983864276{margin-top: -100px !important;background: #e0e0cd url(https:\/\/okeanisbarriers.com\/wp-content\/uploads\/2018\/05\/pattern_bottom.png?id=3693) !important;}&#8221;][vc_row column_separator_row=&#8221;&#8221; masked_row=&#8221;&#8221;][vc_column][gt3_custom_text text_color=&#8221;#737d84&#8243; font_size=&#8221;34&#8243;] Soluciones vers\u00e1tiles para todas sus necesidades [\/gt3_custom_text][gt3_spacing height=&#8221;32px&#8221;][\/vc_column][\/vc_row][\/vc_section][vc_row][vc_column][gt3_spacing height=&#8221;60px&#8221;][gt3_custom_text text_color=&#8221;#000000&#8243; font_size=&#8221;40&#8243;] Retenci\u00f3n M\u00faltiple (Auge barrera de contenci\u00f3n de petr\u00f3leo y debris) [\/gt3_custom_text][gt3_spacing height=&#8221;32px&#8221;][gt3_custom_text text_color=&#8221;#737d84&#8243; font_size=&#8221;16&#8243;]La barrera flotante de Retenci\u00f3n M\u00faltiple, bajo el nombre comercial Okean-NetBoom, est\u00e1 dise\u00f1ada para dar soluci\u00f3n a la contaminaci\u00f3n [&hellip;]<\/p>\n","protected":false},"author":1,"featured_media":4499,"parent":4178,"menu_order":4,"comment_status":"closed","ping_status":"closed","template":"","meta":{"footnotes":""},"class_list":["post-4486","page","type-page","status-publish","has-post-thumbnail","hentry"],"yoast_head":"<!-- This site is optimized with the Yoast SEO plugin v24.7 - https:\/\/yoast.com\/wordpress\/plugins\/seo\/ -->\n<title>Retenci\u00f3n M\u00faltiple - Floating Barriers &amp; Booms %<\/title>\n<meta name=\"description\" content=\"%\" \/>\n<meta name=\"robots\" content=\"index, follow, max-snippet:-1, max-image-preview:large, max-video-preview:-1\" \/>\n<link rel=\"canonical\" href=\"https:\/\/okeanisbarriers.com\/index.php\/es\/products\/multiple-retention\/\" \/>\n<meta property=\"og:locale\" content=\"en_US\" \/>\n<meta property=\"og:type\" content=\"article\" \/>\n<meta property=\"og:title\" content=\"Retenci\u00f3n M\u00faltiple - Floating Barriers &amp; Booms %\" \/>\n<meta property=\"og:description\" content=\"%\" \/>\n<meta property=\"og:url\" content=\"https:\/\/okeanisbarriers.com\/index.php\/es\/products\/multiple-retention\/\" \/>\n<meta property=\"og:site_name\" content=\"Floating Barriers &amp; Booms\" \/>\n<meta property=\"article:publisher\" content=\"https:\/\/www.facebook.com\/okeanis.floating.booms\/\" \/>\n<meta property=\"article:modified_time\" content=\"2024-12-08T17:10:33+00:00\" \/>\n<meta property=\"og:image\" content=\"https:\/\/okeanisbarriers.com\/wp-content\/uploads\/2023\/08\/multiple_500x375-1.jpg\" \/>\n\t<meta property=\"og:image:width\" content=\"500\" \/>\n\t<meta property=\"og:image:height\" content=\"375\" \/>\n\t<meta property=\"og:image:type\" content=\"image\/jpeg\" \/>\n<meta name=\"twitter:card\" content=\"summary_large_image\" \/>\n<meta name=\"twitter:label1\" content=\"Est. reading time\" \/>\n\t<meta name=\"twitter:data1\" content=\"3 minutes\" \/>\n<script type=\"application\/ld+json\" class=\"yoast-schema-graph\">{\"@context\":\"https:\/\/schema.org\",\"@graph\":[{\"@type\":\"WebPage\",\"@id\":\"https:\/\/okeanisbarriers.com\/index.php\/es\/products\/multiple-retention\/\",\"url\":\"https:\/\/okeanisbarriers.com\/index.php\/es\/products\/multiple-retention\/\",\"name\":\"Retenci\u00f3n M\u00faltiple - Floating Barriers &amp; Booms %\",\"isPartOf\":{\"@id\":\"https:\/\/okeanisbarriers.com\/#website\"},\"primaryImageOfPage\":{\"@id\":\"https:\/\/okeanisbarriers.com\/index.php\/es\/products\/multiple-retention\/#primaryimage\"},\"image\":{\"@id\":\"https:\/\/okeanisbarriers.com\/index.php\/es\/products\/multiple-retention\/#primaryimage\"},\"thumbnailUrl\":\"https:\/\/okeanisbarriers.com\/wp-content\/uploads\/2023\/08\/multiple_500x375-1.jpg\",\"datePublished\":\"2023-08-02T10:10:16+00:00\",\"dateModified\":\"2024-12-08T17:10:33+00:00\",\"description\":\"%\",\"breadcrumb\":{\"@id\":\"https:\/\/okeanisbarriers.com\/index.php\/es\/products\/multiple-retention\/#breadcrumb\"},\"inLanguage\":\"en-US\",\"potentialAction\":[{\"@type\":\"ReadAction\",\"target\":[\"https:\/\/okeanisbarriers.com\/index.php\/es\/products\/multiple-retention\/\"]}]},{\"@type\":\"ImageObject\",\"inLanguage\":\"en-US\",\"@id\":\"https:\/\/okeanisbarriers.com\/index.php\/es\/products\/multiple-retention\/#primaryimage\",\"url\":\"https:\/\/okeanisbarriers.com\/wp-content\/uploads\/2023\/08\/multiple_500x375-1.jpg\",\"contentUrl\":\"https:\/\/okeanisbarriers.com\/wp-content\/uploads\/2023\/08\/multiple_500x375-1.jpg\",\"width\":500,\"height\":375},{\"@type\":\"BreadcrumbList\",\"@id\":\"https:\/\/okeanisbarriers.com\/index.php\/es\/products\/multiple-retention\/#breadcrumb\",\"itemListElement\":[{\"@type\":\"ListItem\",\"position\":1,\"name\":\"Home\",\"item\":\"https:\/\/okeanisbarriers.com\/index.php\/es\/home\/\"},{\"@type\":\"ListItem\",\"position\":2,\"name\":\"Productos\",\"item\":\"https:\/\/okeanisbarriers.com\/index.php\/es\/products\/\"},{\"@type\":\"ListItem\",\"position\":3,\"name\":\"Retenci\u00f3n M\u00faltiple\"}]},{\"@type\":\"WebSite\",\"@id\":\"https:\/\/okeanisbarriers.com\/#website\",\"url\":\"https:\/\/okeanisbarriers.com\/\",\"name\":\"Okeanis - Floating Barriers & Booms\",\"description\":\"Floating barriers&#039; manufacturing\",\"publisher\":{\"@id\":\"https:\/\/okeanisbarriers.com\/#organization\"},\"alternateName\":\"Okeanis Floating Booms\",\"potentialAction\":[{\"@type\":\"SearchAction\",\"target\":{\"@type\":\"EntryPoint\",\"urlTemplate\":\"https:\/\/okeanisbarriers.com\/?s={search_term_string}\"},\"query-input\":{\"@type\":\"PropertyValueSpecification\",\"valueRequired\":true,\"valueName\":\"search_term_string\"}}],\"inLanguage\":\"en-US\"},{\"@type\":\"Organization\",\"@id\":\"https:\/\/okeanisbarriers.com\/#organization\",\"name\":\"Okeanis Floating Barriers & Booms\",\"alternateName\":\"Oceanis Ltd - Floating Booms\",\"url\":\"https:\/\/okeanisbarriers.com\/\",\"logo\":{\"@type\":\"ImageObject\",\"inLanguage\":\"en-US\",\"@id\":\"https:\/\/okeanisbarriers.com\/#\/schema\/logo\/image\/\",\"url\":\"https:\/\/okeanisbarriers.com\/wp-content\/uploads\/2025\/04\/210506_okeanis_New_Logo_0006-scaled.png\",\"contentUrl\":\"https:\/\/okeanisbarriers.com\/wp-content\/uploads\/2025\/04\/210506_okeanis_New_Logo_0006-scaled.png\",\"width\":2316,\"height\":2560,\"caption\":\"Okeanis Floating Barriers & Booms\"},\"image\":{\"@id\":\"https:\/\/okeanisbarriers.com\/#\/schema\/logo\/image\/\"},\"sameAs\":[\"https:\/\/www.facebook.com\/okeanis.floating.booms\/\"]}]}<\/script>\n<!-- \/ Yoast SEO plugin. -->","yoast_head_json":{"title":"Retenci\u00f3n M\u00faltiple - Floating Barriers &amp; Booms %","description":"%","robots":{"index":"index","follow":"follow","max-snippet":"max-snippet:-1","max-image-preview":"max-image-preview:large","max-video-preview":"max-video-preview:-1"},"canonical":"https:\/\/okeanisbarriers.com\/index.php\/es\/products\/multiple-retention\/","og_locale":"en_US","og_type":"article","og_title":"Retenci\u00f3n M\u00faltiple - Floating Barriers &amp; Booms %","og_description":"%","og_url":"https:\/\/okeanisbarriers.com\/index.php\/es\/products\/multiple-retention\/","og_site_name":"Floating Barriers &amp; Booms","article_publisher":"https:\/\/www.facebook.com\/okeanis.floating.booms\/","article_modified_time":"2024-12-08T17:10:33+00:00","og_image":[{"width":500,"height":375,"url":"https:\/\/okeanisbarriers.com\/wp-content\/uploads\/2023\/08\/multiple_500x375-1.jpg","type":"image\/jpeg"}],"twitter_card":"summary_large_image","twitter_misc":{"Est. reading time":"3 minutes"},"schema":{"@context":"https:\/\/schema.org","@graph":[{"@type":"WebPage","@id":"https:\/\/okeanisbarriers.com\/index.php\/es\/products\/multiple-retention\/","url":"https:\/\/okeanisbarriers.com\/index.php\/es\/products\/multiple-retention\/","name":"Retenci\u00f3n M\u00faltiple - Floating Barriers &amp; Booms %","isPartOf":{"@id":"https:\/\/okeanisbarriers.com\/#website"},"primaryImageOfPage":{"@id":"https:\/\/okeanisbarriers.com\/index.php\/es\/products\/multiple-retention\/#primaryimage"},"image":{"@id":"https:\/\/okeanisbarriers.com\/index.php\/es\/products\/multiple-retention\/#primaryimage"},"thumbnailUrl":"https:\/\/okeanisbarriers.com\/wp-content\/uploads\/2023\/08\/multiple_500x375-1.jpg","datePublished":"2023-08-02T10:10:16+00:00","dateModified":"2024-12-08T17:10:33+00:00","description":"%","breadcrumb":{"@id":"https:\/\/okeanisbarriers.com\/index.php\/es\/products\/multiple-retention\/#breadcrumb"},"inLanguage":"en-US","potentialAction":[{"@type":"ReadAction","target":["https:\/\/okeanisbarriers.com\/index.php\/es\/products\/multiple-retention\/"]}]},{"@type":"ImageObject","inLanguage":"en-US","@id":"https:\/\/okeanisbarriers.com\/index.php\/es\/products\/multiple-retention\/#primaryimage","url":"https:\/\/okeanisbarriers.com\/wp-content\/uploads\/2023\/08\/multiple_500x375-1.jpg","contentUrl":"https:\/\/okeanisbarriers.com\/wp-content\/uploads\/2023\/08\/multiple_500x375-1.jpg","width":500,"height":375},{"@type":"BreadcrumbList","@id":"https:\/\/okeanisbarriers.com\/index.php\/es\/products\/multiple-retention\/#breadcrumb","itemListElement":[{"@type":"ListItem","position":1,"name":"Home","item":"https:\/\/okeanisbarriers.com\/index.php\/es\/home\/"},{"@type":"ListItem","position":2,"name":"Productos","item":"https:\/\/okeanisbarriers.com\/index.php\/es\/products\/"},{"@type":"ListItem","position":3,"name":"Retenci\u00f3n M\u00faltiple"}]},{"@type":"WebSite","@id":"https:\/\/okeanisbarriers.com\/#website","url":"https:\/\/okeanisbarriers.com\/","name":"Okeanis - Floating Barriers & Booms","description":"Floating barriers&#039; manufacturing","publisher":{"@id":"https:\/\/okeanisbarriers.com\/#organization"},"alternateName":"Okeanis Floating Booms","potentialAction":[{"@type":"SearchAction","target":{"@type":"EntryPoint","urlTemplate":"https:\/\/okeanisbarriers.com\/?s={search_term_string}"},"query-input":{"@type":"PropertyValueSpecification","valueRequired":true,"valueName":"search_term_string"}}],"inLanguage":"en-US"},{"@type":"Organization","@id":"https:\/\/okeanisbarriers.com\/#organization","name":"Okeanis Floating Barriers & Booms","alternateName":"Oceanis Ltd - Floating Booms","url":"https:\/\/okeanisbarriers.com\/","logo":{"@type":"ImageObject","inLanguage":"en-US","@id":"https:\/\/okeanisbarriers.com\/#\/schema\/logo\/image\/","url":"https:\/\/okeanisbarriers.com\/wp-content\/uploads\/2025\/04\/210506_okeanis_New_Logo_0006-scaled.png","contentUrl":"https:\/\/okeanisbarriers.com\/wp-content\/uploads\/2025\/04\/210506_okeanis_New_Logo_0006-scaled.png","width":2316,"height":2560,"caption":"Okeanis Floating Barriers & Booms"},"image":{"@id":"https:\/\/okeanisbarriers.com\/#\/schema\/logo\/image\/"},"sameAs":["https:\/\/www.facebook.com\/okeanis.floating.booms\/"]}]}},"_links":{"self":[{"href":"https:\/\/okeanisbarriers.com\/index.php\/wp-json\/wp\/v2\/pages\/4486","targetHints":{"allow":["GET"]}}],"collection":[{"href":"https:\/\/okeanisbarriers.com\/index.php\/wp-json\/wp\/v2\/pages"}],"about":[{"href":"https:\/\/okeanisbarriers.com\/index.php\/wp-json\/wp\/v2\/types\/page"}],"author":[{"embeddable":true,"href":"https:\/\/okeanisbarriers.com\/index.php\/wp-json\/wp\/v2\/users\/1"}],"replies":[{"embeddable":true,"href":"https:\/\/okeanisbarriers.com\/index.php\/wp-json\/wp\/v2\/comments?post=4486"}],"version-history":[{"count":13,"href":"https:\/\/okeanisbarriers.com\/index.php\/wp-json\/wp\/v2\/pages\/4486\/revisions"}],"predecessor-version":[{"id":5435,"href":"https:\/\/okeanisbarriers.com\/index.php\/wp-json\/wp\/v2\/pages\/4486\/revisions\/5435"}],"up":[{"embeddable":true,"href":"https:\/\/okeanisbarriers.com\/index.php\/wp-json\/wp\/v2\/pages\/4178"}],"wp:featuredmedia":[{"embeddable":true,"href":"https:\/\/okeanisbarriers.com\/index.php\/wp-json\/wp\/v2\/media\/4499"}],"wp:attachment":[{"href":"https:\/\/okeanisbarriers.com\/index.php\/wp-json\/wp\/v2\/media?parent=4486"}],"curies":[{"name":"wp","href":"https:\/\/api.w.org\/{rel}","templated":true}]}}