{"id":4488,"date":"2023-08-02T10:10:53","date_gmt":"2023-08-02T10:10:53","guid":{"rendered":"https:\/\/okeanisbarriers.com\/?page_id=4488"},"modified":"2024-12-08T16:50:26","modified_gmt":"2024-12-08T16:50:26","slug":"jellyfish-protection","status":"publish","type":"page","link":"https:\/\/okeanisbarriers.com\/index.php\/es\/products\/jellyfish-protection\/","title":{"rendered":"Redes de protecci\u00f3n para medusas"},"content":{"rendered":"<div class=\"wpb-content-wrapper\">[vc_section full_width=&#8221;stretch_row&#8221; css=&#8221;.vc_custom_1690983864276{margin-top: -100px !important;background: #e0e0cd url(https:\/\/okeanisbarriers.com\/wp-content\/uploads\/2018\/05\/pattern_bottom.png?id=3693) !important;}&#8221;][vc_row column_separator_row=&#8221;&#8221; masked_row=&#8221;&#8221;][vc_column][gt3_custom_text text_color=&#8221;#ffffff&#8221; font_size=&#8221;34&#8243;]\n<p style=\"text-align: center;\"><span style=\"color: #ffffff;\">C\u00f3mo mantener segura su zona de ba\u00f1o<br \/>\n<\/span><\/p>\n[\/gt3_custom_text][gt3_spacing height=&#8221;32px&#8221;][\/vc_column][\/vc_row][\/vc_section][vc_row][vc_column][gt3_spacing height=&#8221;60px&#8221;][gt3_custom_text text_color=&#8221;#000000&#8243; font_size=&#8221;40&#8243;]\n<p style=\"text-align: center;\">Redes de protecci\u00f3n para contra medusas<\/p>\n[\/gt3_custom_text][gt3_spacing height=&#8221;32px&#8221;][gt3_custom_text text_color=&#8221;#737d84&#8243; font_size=&#8221;16&#8243;]Okeanis, con respeto y sensibilidad por el medio marino y con mayor principio intenci\u00f3n la seguridad de los ba\u00f1istas, dise\u00f1a y fabrica redes de protecci\u00f3n de medusas.<\/p>\n<p>&nbsp;<\/p>\n<p>Estas redes, pueden instalarse desde la costa, siguen el diagrama de profundidad de la zona de instalaci\u00f3n y crean una zona de ba\u00f1o segura sin medusas, debris ni algas en descomposici\u00f3n.<\/p>\n<p>&nbsp;<\/p>\n<p>Consisten en el tipo de red adecuada y adaptada al sistema flotante Okean-FloatNet que fabrica nuestra empresa. Se asegura as\u00ed la soluci\u00f3n m\u00e1s eficaz, duradera y econ\u00f3mica a la aparici\u00f3n de innumerables medusas y sus consecuencias en la salud p\u00fablica y la econom\u00eda al sacar a los ba\u00f1istas de la playa.<\/p>\n<p>&nbsp;<\/p>\n<p>Su dise\u00f1o no supone ning\u00fan riesgo para los nadadores ni para la vida marina y a los ni\u00f1os les encanta jugar dentro de la zona protegida de ba\u00f1o.<\/p>\n<p>&nbsp;<\/p>\n<ul>\n<li>La malla fina no supone ning\u00fan riesgo para los nadadores ni para la vida marina<\/li>\n<li>Alto tiro, eficiencia mejorada<\/li>\n<li>Totalmente adaptable a todos los entornos marinos.<\/li>\n<li>Baja fuerza de arrastre debido al material de red<\/li>\n<li>Flexible, el\u00e1stico, amortiguador<\/li>\n<li>F\u00e1cil manejo, f\u00e1cil de instalar\/desinstalar<\/li>\n<li>Resistente a los rayos UV y a los qu\u00edmicos<\/li>\n<li>Extremadamente alta durabilidad en condiciones clim\u00e1ticas y de olas.<\/li>\n<li>Respetuoso con el medio ambiente: libre de metales pesados y t\u00f3xicos<\/li>\n<li>Adecuado para instalaci\u00f3n permanente o estacional en todos los entornos marinos.<\/li>\n<li>Reciclable despu\u00e9s de su uso.<\/li>\n<\/ul>\n[\/gt3_custom_text][gt3_spacing height=&#8221;32px&#8221;][\/vc_column][\/vc_row][vc_row][vc_column][vc_tta_accordion c_icon=&#8221;chevron&#8221; active_section=&#8221;0&#8243; collapsible_all=&#8221;true&#8221;][vc_tta_section title=&#8221;Campo t\u00e9cnico de la red de protecci\u00f3n de medusas: Okean-FloatNet#&#8221; tab_id=&#8221;1701419121819-c861a5f2-7be9&#8243;][gt3_custom_text text_color=&#8221;#737d84&#8243; font_size=&#8221;16&#8243;]\n<table width=\"628\">\n<tbody>\n<tr>\n<td width=\"172\">Tipo:<\/td>\n<td width=\"201\">Okean-FloatNet HD &#8211; PA<\/td>\n<td width=\"255\">\u00a0Okean-FloatNet HD &#8211; UHMWPE<\/td>\n<\/tr>\n<tr>\n<td width=\"172\">Altura total :<\/td>\n<td width=\"201\">1,0-5,0m<\/td>\n<td width=\"255\">1,0-10m<\/td>\n<\/tr>\n<tr>\n<td width=\"172\">Franco bordo :<\/td>\n<td width=\"201\">35-40cm<\/td>\n<td width=\"255\">35-40cm<\/td>\n<\/tr>\n<tr>\n<td width=\"172\">Borrador:<\/td>\n<td width=\"201\">1,0-5,0m<\/td>\n<td width=\"255\">1,0-10m<\/td>\n<\/tr>\n<tr>\n<td width=\"172\">Peso\/m (promedio):<\/td>\n<td width=\"201\">8,5 &#8211; 12 Kg\/m<\/td>\n<td width=\"255\">7,3 &#8211; 14 Kg\/m<\/td>\n<\/tr>\n<tr>\n<td width=\"172\">Resistencia a la rotura (carga de trabajo total de las cuerdas):<\/td>\n<td width=\"201\">25500 Kp<\/td>\n<td width=\"255\">25500Kp-34000 Kp<\/td>\n<\/tr>\n<tr>\n<td width=\"172\">Material de red :<\/td>\n<td width=\"201\">Nylon (PA)<\/td>\n<td width=\"255\">UHMWPE<\/td>\n<\/tr>\n<tr>\n<td width=\"172\">Resistencia a la tracci\u00f3n de la red (Promedio):<\/td>\n<td width=\"201\">Longitudinales 5100Kp\/m,<\/p>\n<p>Transversal 9000Kp \/m<\/td>\n<td width=\"255\">Longitudinales 5500Kp\/m<\/p>\n<p>Transversal 9900Kp\/m<\/td>\n<\/tr>\n<tr>\n<td width=\"172\">Longitud de la secci\u00f3n :<\/td>\n<td colspan=\"2\" width=\"456\">15m, 20m, 25m y personalizado<\/td>\n<\/tr>\n<\/tbody>\n<\/table>\n[\/gt3_custom_text][\/vc_tta_section][\/vc_tta_accordion][gt3_spacing height=&#8221;32px&#8221;][\/vc_column][\/vc_row][vc_row][vc_column][gt3_custom_text text_color=&#8221;#737d84&#8243; font_size=&#8221;45&#8243;]\n<p style=\"text-align: center;\"><span>FOTOS DE LA APLICACI\u00d3N<\/span><\/p>\n[\/gt3_custom_text][gt3_gallery_packery images=&#8221;4625,4626,4627,4628,4629,4630&#8243; packery_layout=&#8221;pls_3items&#8221;][gt3_button button_title=&#8221;Back&#8221; button_alignment=&#8221;right&#8221; link=&#8221;url:https%3A%2F%2Fokeanisbarriers.com%2Findex.php%2Fproducts%2F|title:Products&#8221;][\/vc_column][\/vc_row]\n<\/div>","protected":false},"excerpt":{"rendered":"<p>[vc_section full_width=&#8221;stretch_row&#8221; css=&#8221;.vc_custom_1690983864276{margin-top: -100px !important;background: #e0e0cd url(https:\/\/okeanisbarriers.com\/wp-content\/uploads\/2018\/05\/pattern_bottom.png?id=3693) !important;}&#8221;][vc_row column_separator_row=&#8221;&#8221; masked_row=&#8221;&#8221;][vc_column][gt3_custom_text text_color=&#8221;#ffffff&#8221; font_size=&#8221;34&#8243;] C\u00f3mo mantener segura su zona de ba\u00f1o [\/gt3_custom_text][gt3_spacing height=&#8221;32px&#8221;][\/vc_column][\/vc_row][\/vc_section][vc_row][vc_column][gt3_spacing height=&#8221;60px&#8221;][gt3_custom_text text_color=&#8221;#000000&#8243; font_size=&#8221;40&#8243;] Redes de protecci\u00f3n para contra medusas [\/gt3_custom_text][gt3_spacing height=&#8221;32px&#8221;][gt3_custom_text text_color=&#8221;#737d84&#8243; font_size=&#8221;16&#8243;]Okeanis, con respeto y sensibilidad por el medio marino y con mayor principio intenci\u00f3n la seguridad de los ba\u00f1istas, dise\u00f1a y fabrica [&hellip;]<\/p>\n","protected":false},"author":1,"featured_media":4498,"parent":4178,"menu_order":1,"comment_status":"closed","ping_status":"closed","template":"","meta":{"footnotes":""},"class_list":["post-4488","page","type-page","status-publish","has-post-thumbnail","hentry"],"yoast_head":"<!-- This site is optimized with the Yoast SEO plugin v24.7 - https:\/\/yoast.com\/wordpress\/plugins\/seo\/ -->\n<title>Redes de protecci\u00f3n para medusas - Floating Barriers &amp; Booms %<\/title>\n<meta name=\"description\" content=\"%\" \/>\n<meta name=\"robots\" content=\"index, follow, max-snippet:-1, max-image-preview:large, max-video-preview:-1\" \/>\n<link rel=\"canonical\" href=\"https:\/\/okeanisbarriers.com\/index.php\/es\/products\/jellyfish-protection\/\" \/>\n<meta property=\"og:locale\" content=\"en_US\" \/>\n<meta property=\"og:type\" content=\"article\" \/>\n<meta property=\"og:title\" content=\"Redes de protecci\u00f3n para medusas - Floating Barriers &amp; Booms %\" \/>\n<meta property=\"og:description\" content=\"%\" \/>\n<meta property=\"og:url\" content=\"https:\/\/okeanisbarriers.com\/index.php\/es\/products\/jellyfish-protection\/\" \/>\n<meta property=\"og:site_name\" content=\"Floating Barriers &amp; Booms\" \/>\n<meta property=\"article:publisher\" content=\"https:\/\/www.facebook.com\/okeanis.floating.booms\/\" \/>\n<meta property=\"article:modified_time\" content=\"2024-12-08T16:50:26+00:00\" \/>\n<meta property=\"og:image\" content=\"https:\/\/okeanisbarriers.com\/wp-content\/uploads\/2023\/08\/jellyfish_500-1.jpg\" \/>\n\t<meta property=\"og:image:width\" content=\"500\" \/>\n\t<meta property=\"og:image:height\" content=\"375\" \/>\n\t<meta property=\"og:image:type\" content=\"image\/jpeg\" \/>\n<meta name=\"twitter:card\" content=\"summary_large_image\" \/>\n<meta name=\"twitter:label1\" content=\"Est. reading time\" \/>\n\t<meta name=\"twitter:data1\" content=\"3 minutes\" \/>\n<script type=\"application\/ld+json\" class=\"yoast-schema-graph\">{\"@context\":\"https:\/\/schema.org\",\"@graph\":[{\"@type\":\"WebPage\",\"@id\":\"https:\/\/okeanisbarriers.com\/index.php\/es\/products\/jellyfish-protection\/\",\"url\":\"https:\/\/okeanisbarriers.com\/index.php\/es\/products\/jellyfish-protection\/\",\"name\":\"Redes de protecci\u00f3n para medusas - Floating Barriers &amp; Booms %\",\"isPartOf\":{\"@id\":\"https:\/\/okeanisbarriers.com\/#website\"},\"primaryImageOfPage\":{\"@id\":\"https:\/\/okeanisbarriers.com\/index.php\/es\/products\/jellyfish-protection\/#primaryimage\"},\"image\":{\"@id\":\"https:\/\/okeanisbarriers.com\/index.php\/es\/products\/jellyfish-protection\/#primaryimage\"},\"thumbnailUrl\":\"https:\/\/okeanisbarriers.com\/wp-content\/uploads\/2023\/08\/jellyfish_500-1.jpg\",\"datePublished\":\"2023-08-02T10:10:53+00:00\",\"dateModified\":\"2024-12-08T16:50:26+00:00\",\"description\":\"%\",\"breadcrumb\":{\"@id\":\"https:\/\/okeanisbarriers.com\/index.php\/es\/products\/jellyfish-protection\/#breadcrumb\"},\"inLanguage\":\"en-US\",\"potentialAction\":[{\"@type\":\"ReadAction\",\"target\":[\"https:\/\/okeanisbarriers.com\/index.php\/es\/products\/jellyfish-protection\/\"]}]},{\"@type\":\"ImageObject\",\"inLanguage\":\"en-US\",\"@id\":\"https:\/\/okeanisbarriers.com\/index.php\/es\/products\/jellyfish-protection\/#primaryimage\",\"url\":\"https:\/\/okeanisbarriers.com\/wp-content\/uploads\/2023\/08\/jellyfish_500-1.jpg\",\"contentUrl\":\"https:\/\/okeanisbarriers.com\/wp-content\/uploads\/2023\/08\/jellyfish_500-1.jpg\",\"width\":500,\"height\":375},{\"@type\":\"BreadcrumbList\",\"@id\":\"https:\/\/okeanisbarriers.com\/index.php\/es\/products\/jellyfish-protection\/#breadcrumb\",\"itemListElement\":[{\"@type\":\"ListItem\",\"position\":1,\"name\":\"Home\",\"item\":\"https:\/\/okeanisbarriers.com\/index.php\/es\/home\/\"},{\"@type\":\"ListItem\",\"position\":2,\"name\":\"Productos\",\"item\":\"https:\/\/okeanisbarriers.com\/index.php\/es\/products\/\"},{\"@type\":\"ListItem\",\"position\":3,\"name\":\"Redes de protecci\u00f3n para medusas\"}]},{\"@type\":\"WebSite\",\"@id\":\"https:\/\/okeanisbarriers.com\/#website\",\"url\":\"https:\/\/okeanisbarriers.com\/\",\"name\":\"Okeanis - Floating Barriers & Booms\",\"description\":\"Floating barriers&#039; manufacturing\",\"publisher\":{\"@id\":\"https:\/\/okeanisbarriers.com\/#organization\"},\"alternateName\":\"Okeanis Floating Booms\",\"potentialAction\":[{\"@type\":\"SearchAction\",\"target\":{\"@type\":\"EntryPoint\",\"urlTemplate\":\"https:\/\/okeanisbarriers.com\/?s={search_term_string}\"},\"query-input\":{\"@type\":\"PropertyValueSpecification\",\"valueRequired\":true,\"valueName\":\"search_term_string\"}}],\"inLanguage\":\"en-US\"},{\"@type\":\"Organization\",\"@id\":\"https:\/\/okeanisbarriers.com\/#organization\",\"name\":\"Okeanis Floating Barriers & Booms\",\"alternateName\":\"Oceanis Ltd - Floating Booms\",\"url\":\"https:\/\/okeanisbarriers.com\/\",\"logo\":{\"@type\":\"ImageObject\",\"inLanguage\":\"en-US\",\"@id\":\"https:\/\/okeanisbarriers.com\/#\/schema\/logo\/image\/\",\"url\":\"https:\/\/okeanisbarriers.com\/wp-content\/uploads\/2025\/04\/210506_okeanis_New_Logo_0006-scaled.png\",\"contentUrl\":\"https:\/\/okeanisbarriers.com\/wp-content\/uploads\/2025\/04\/210506_okeanis_New_Logo_0006-scaled.png\",\"width\":2316,\"height\":2560,\"caption\":\"Okeanis Floating Barriers & Booms\"},\"image\":{\"@id\":\"https:\/\/okeanisbarriers.com\/#\/schema\/logo\/image\/\"},\"sameAs\":[\"https:\/\/www.facebook.com\/okeanis.floating.booms\/\"]}]}<\/script>\n<!-- \/ Yoast SEO plugin. -->","yoast_head_json":{"title":"Redes de protecci\u00f3n para medusas - Floating Barriers &amp; Booms %","description":"%","robots":{"index":"index","follow":"follow","max-snippet":"max-snippet:-1","max-image-preview":"max-image-preview:large","max-video-preview":"max-video-preview:-1"},"canonical":"https:\/\/okeanisbarriers.com\/index.php\/es\/products\/jellyfish-protection\/","og_locale":"en_US","og_type":"article","og_title":"Redes de protecci\u00f3n para medusas - Floating Barriers &amp; Booms %","og_description":"%","og_url":"https:\/\/okeanisbarriers.com\/index.php\/es\/products\/jellyfish-protection\/","og_site_name":"Floating Barriers &amp; Booms","article_publisher":"https:\/\/www.facebook.com\/okeanis.floating.booms\/","article_modified_time":"2024-12-08T16:50:26+00:00","og_image":[{"width":500,"height":375,"url":"https:\/\/okeanisbarriers.com\/wp-content\/uploads\/2023\/08\/jellyfish_500-1.jpg","type":"image\/jpeg"}],"twitter_card":"summary_large_image","twitter_misc":{"Est. reading time":"3 minutes"},"schema":{"@context":"https:\/\/schema.org","@graph":[{"@type":"WebPage","@id":"https:\/\/okeanisbarriers.com\/index.php\/es\/products\/jellyfish-protection\/","url":"https:\/\/okeanisbarriers.com\/index.php\/es\/products\/jellyfish-protection\/","name":"Redes de protecci\u00f3n para medusas - Floating Barriers &amp; Booms %","isPartOf":{"@id":"https:\/\/okeanisbarriers.com\/#website"},"primaryImageOfPage":{"@id":"https:\/\/okeanisbarriers.com\/index.php\/es\/products\/jellyfish-protection\/#primaryimage"},"image":{"@id":"https:\/\/okeanisbarriers.com\/index.php\/es\/products\/jellyfish-protection\/#primaryimage"},"thumbnailUrl":"https:\/\/okeanisbarriers.com\/wp-content\/uploads\/2023\/08\/jellyfish_500-1.jpg","datePublished":"2023-08-02T10:10:53+00:00","dateModified":"2024-12-08T16:50:26+00:00","description":"%","breadcrumb":{"@id":"https:\/\/okeanisbarriers.com\/index.php\/es\/products\/jellyfish-protection\/#breadcrumb"},"inLanguage":"en-US","potentialAction":[{"@type":"ReadAction","target":["https:\/\/okeanisbarriers.com\/index.php\/es\/products\/jellyfish-protection\/"]}]},{"@type":"ImageObject","inLanguage":"en-US","@id":"https:\/\/okeanisbarriers.com\/index.php\/es\/products\/jellyfish-protection\/#primaryimage","url":"https:\/\/okeanisbarriers.com\/wp-content\/uploads\/2023\/08\/jellyfish_500-1.jpg","contentUrl":"https:\/\/okeanisbarriers.com\/wp-content\/uploads\/2023\/08\/jellyfish_500-1.jpg","width":500,"height":375},{"@type":"BreadcrumbList","@id":"https:\/\/okeanisbarriers.com\/index.php\/es\/products\/jellyfish-protection\/#breadcrumb","itemListElement":[{"@type":"ListItem","position":1,"name":"Home","item":"https:\/\/okeanisbarriers.com\/index.php\/es\/home\/"},{"@type":"ListItem","position":2,"name":"Productos","item":"https:\/\/okeanisbarriers.com\/index.php\/es\/products\/"},{"@type":"ListItem","position":3,"name":"Redes de protecci\u00f3n para medusas"}]},{"@type":"WebSite","@id":"https:\/\/okeanisbarriers.com\/#website","url":"https:\/\/okeanisbarriers.com\/","name":"Okeanis - Floating Barriers & Booms","description":"Floating barriers&#039; manufacturing","publisher":{"@id":"https:\/\/okeanisbarriers.com\/#organization"},"alternateName":"Okeanis Floating Booms","potentialAction":[{"@type":"SearchAction","target":{"@type":"EntryPoint","urlTemplate":"https:\/\/okeanisbarriers.com\/?s={search_term_string}"},"query-input":{"@type":"PropertyValueSpecification","valueRequired":true,"valueName":"search_term_string"}}],"inLanguage":"en-US"},{"@type":"Organization","@id":"https:\/\/okeanisbarriers.com\/#organization","name":"Okeanis Floating Barriers & Booms","alternateName":"Oceanis Ltd - Floating Booms","url":"https:\/\/okeanisbarriers.com\/","logo":{"@type":"ImageObject","inLanguage":"en-US","@id":"https:\/\/okeanisbarriers.com\/#\/schema\/logo\/image\/","url":"https:\/\/okeanisbarriers.com\/wp-content\/uploads\/2025\/04\/210506_okeanis_New_Logo_0006-scaled.png","contentUrl":"https:\/\/okeanisbarriers.com\/wp-content\/uploads\/2025\/04\/210506_okeanis_New_Logo_0006-scaled.png","width":2316,"height":2560,"caption":"Okeanis Floating Barriers & Booms"},"image":{"@id":"https:\/\/okeanisbarriers.com\/#\/schema\/logo\/image\/"},"sameAs":["https:\/\/www.facebook.com\/okeanis.floating.booms\/"]}]}},"_links":{"self":[{"href":"https:\/\/okeanisbarriers.com\/index.php\/wp-json\/wp\/v2\/pages\/4488","targetHints":{"allow":["GET"]}}],"collection":[{"href":"https:\/\/okeanisbarriers.com\/index.php\/wp-json\/wp\/v2\/pages"}],"about":[{"href":"https:\/\/okeanisbarriers.com\/index.php\/wp-json\/wp\/v2\/types\/page"}],"author":[{"embeddable":true,"href":"https:\/\/okeanisbarriers.com\/index.php\/wp-json\/wp\/v2\/users\/1"}],"replies":[{"embeddable":true,"href":"https:\/\/okeanisbarriers.com\/index.php\/wp-json\/wp\/v2\/comments?post=4488"}],"version-history":[{"count":18,"href":"https:\/\/okeanisbarriers.com\/index.php\/wp-json\/wp\/v2\/pages\/4488\/revisions"}],"predecessor-version":[{"id":5427,"href":"https:\/\/okeanisbarriers.com\/index.php\/wp-json\/wp\/v2\/pages\/4488\/revisions\/5427"}],"up":[{"embeddable":true,"href":"https:\/\/okeanisbarriers.com\/index.php\/wp-json\/wp\/v2\/pages\/4178"}],"wp:featuredmedia":[{"embeddable":true,"href":"https:\/\/okeanisbarriers.com\/index.php\/wp-json\/wp\/v2\/media\/4498"}],"wp:attachment":[{"href":"https:\/\/okeanisbarriers.com\/index.php\/wp-json\/wp\/v2\/media?parent=4488"}],"curies":[{"name":"wp","href":"https:\/\/api.w.org\/{rel}","templated":true}]}}