{"id":4525,"date":"2023-08-03T02:37:32","date_gmt":"2023-08-03T02:37:32","guid":{"rendered":"https:\/\/okeanisbarriers.com\/?page_id=4525"},"modified":"2025-01-15T04:04:55","modified_gmt":"2025-01-15T04:04:55","slug":"okean-fnet","status":"publish","type":"page","link":"https:\/\/okeanisbarriers.com\/index.php\/es\/products\/debris-barriers\/okean-fnet\/","title":{"rendered":"Okean-FNet"},"content":{"rendered":"<div class=\"wpb-content-wrapper\">[vc_section full_width=&#8221;stretch_row&#8221; css=&#8221;.vc_custom_1690983864276{margin-top: -100px !important;background: #e0e0cd url(https:\/\/okeanisbarriers.com\/wp-content\/uploads\/2018\/05\/pattern_bottom.png?id=3693) !important;}&#8221;][vc_row column_separator_row=&#8221;&#8221; masked_row=&#8221;&#8221;][vc_column][gt3_custom_text text_color=&#8221;#ffffff&#8221; font_size=&#8221;34&#8243;]\n<p style=\"text-align: center;\">Defendiendo los desechos, protegiendo los oc\u00e9anos<\/p>\n[\/gt3_custom_text][gt3_spacing height=&#8221;32px&#8221;][\/vc_column][\/vc_row][\/vc_section][vc_row][vc_column][gt3_spacing height=&#8221;60px&#8221;][gt3_custom_text text_color=&#8221;#6a7178&#8243; font_size=&#8221;40&#8243;]\n<p style=\"text-align: center;\">Okean-Net (Boom de debris tipo cerca)<\/p>\n[\/gt3_custom_text][gt3_spacing height=&#8221;32px&#8221;][gt3_custom_text text_color=&#8221;#737d84&#8243; font_size=&#8221;16&#8243;]La barrera flotante para desechos Okean-FNet, es el producto m\u00e1s popular y comercial con la m\u00e1s amplia gama de aplicaciones.<\/p>\n<p>&nbsp;<\/p>\n<p>Se trata de una barrera flotante tipo valla, fabricada con un tejido externo duradero, la red adecuada como material de retenci\u00f3n y los innovadores sistemas flotantes de Okeanis para su flotabilidad.<\/p>\n<p>&nbsp;<\/p>\n<p>Consiste en una soluci\u00f3n confiable para contener y desviar basura y algas y es adecuado para instalaci\u00f3n tanto permanente como estacional.<\/p>\n<p>&nbsp;<\/p>\n<p>Adem\u00e1s, es de f\u00e1cil manipulaci\u00f3n e instalaci\u00f3n. Tiene bajas fuerzas de arrastre debido al material de la red que permite el paso del agua y minimiza la deriva el flujo de los debris debajo del fald\u00f3n de la barrera.<\/p>\n<p>&nbsp;<\/p>\n<p>Caracter\u00edsticas t\u00e9cnicas<\/p>\n<ul>\n<li>Alta eficiencia en la contenci\u00f3n de contaminantes y algas.<\/li>\n<li>Alto francobordo, los debris no se desbordan al romper las olas.<\/li>\n<li>Baja fuerza de arrastre debido al material de red<\/li>\n<li>La malla fina no supone ning\u00fan riesgo para los nadadores ni para la vida marina<\/li>\n<li>Totalmente adaptable a todos los entornos marinos.<\/li>\n<li>Flexible, el\u00e1stico, amortiguador al choque de las olas<\/li>\n<li>F\u00e1cil manejo, f\u00e1cil de instalar\/desinstalar<\/li>\n<li>Resistente a los rayos UV y a los qu\u00edmicos<\/li>\n<li>Extremadamente alta durabilidad en condiciones clim\u00e1ticas y de olas. Alta resistencia en condiciones clim\u00e1ticas adversas<\/li>\n<li>Respetuoso amigable con el medio ambiente: libre de metales pesados y t\u00f3xicos<\/li>\n<li>Adecuado para instalaci\u00f3n permanente o estacional en todos los entornos marinos.<\/li>\n<li>Reciclable despu\u00e9s de su uso.<\/li>\n<li>Disponible en color naranja y azul.<\/li>\n<\/ul>\n<p>Opciones personalizadas como diferentes alturas\/francobordos, colores y atributos est\u00e1n disponibles a solicitud[\/gt3_custom_text][gt3_spacing height=&#8221;32px&#8221;][gt3_spacing height=&#8221;32px&#8221;][gt3_spacing height=&#8221;32px&#8221;][vc_tta_accordion c_icon=&#8221;chevron&#8221; active_section=&#8221;&#8221; collapsible_all=&#8221;true&#8221; css=&#8221;.vc_custom_1701418812670{background-position: center !important;background-repeat: no-repeat !important;background-size: contain !important;}&#8221;][vc_tta_section title=&#8221;Campo de t\u00e9cnico de Okean-Net Lite&#8221; tab_id=&#8221;1701395659973-681b0cc0-8022&#8243;][gt3_custom_text text_color=&#8221;#737d84&#8243; font_size=&#8221;16&#8243;]\n<table width=\"671\">\n<tbody>\n<tr>\n<td width=\"235\">Tipo:<\/td>\n<td width=\"224\">Okean-Net Lite 18\/120 PA<\/td>\n<td width=\"213\">Okean-Net Lite 18\/160 PA<\/td>\n<\/tr>\n<tr>\n<td width=\"235\">Altura total :<\/td>\n<td width=\"224\">120 cm<\/td>\n<td width=\"213\">150 cm<\/td>\n<\/tr>\n<tr>\n<td width=\"235\">Franco bordo :<\/td>\n<td width=\"224\">45 cm<\/td>\n<td width=\"213\">50 cm<\/td>\n<\/tr>\n<tr>\n<td width=\"235\">Borrador:<\/td>\n<td width=\"224\">75 cm<\/td>\n<td width=\"213\">100 cm<\/td>\n<\/tr>\n<tr>\n<td width=\"235\">Peso\/m (promedio):<\/td>\n<td width=\"224\">5,6 Kg\/m<\/td>\n<td width=\"213\">6 Kg\/m<\/td>\n<\/tr>\n<tr>\n<td width=\"235\">Resistencia a la rotura (carga de trabajo total de las cuerdas):<\/td>\n<td colspan=\"2\" width=\"437\">13000 Kp<\/td>\n<\/tr>\n<tr>\n<td width=\"235\">Material de red :<\/td>\n<td colspan=\"2\" width=\"437\">Nylon (PA)<\/td>\n<\/tr>\n<tr>\n<td width=\"235\">Resistencia a la tracci\u00f3n de la red (Promedio):<\/td>\n<td colspan=\"2\" width=\"437\">Longitudinales\u00a0 4200Kp\/m | \u00a0Transversal\u00a0 7200Kp\/m<\/td>\n<\/tr>\n<tr>\n<td width=\"235\">Longitud de la secci\u00f3n :<\/td>\n<td colspan=\"2\" width=\"437\">20m, 25m \u00a0y personalizado<\/td>\n<\/tr>\n<\/tbody>\n<\/table>\n[\/gt3_custom_text][\/vc_tta_section][vc_tta_section title=&#8221;Campo de t\u00e9cnico de Okean-Net HD | Ultra&#8221; tab_id=&#8221;1701336480737-06fad43d-6577&#8243;][gt3_custom_text text_color=&#8221;#737d84&#8243; font_size=&#8221;16&#8243;]\n<table width=\"692\">\n<tbody>\n<tr>\n<td width=\"152\">Tipo:<\/td>\n<td width=\"187\">Okean-Net HD | Ultra XX\/130<\/td>\n<td width=\"176\">Okean-Net HD | Ultra XX\/155<\/td>\n<td width=\"178\">Okean-Net HD | Ultra XX\/180<\/td>\n<\/tr>\n<tr>\n<td width=\"152\">Altura total :<\/td>\n<td width=\"187\">130 m<\/td>\n<td width=\"176\">155 cm<\/td>\n<td width=\"178\">180 cm<\/td>\n<\/tr>\n<tr>\n<td width=\"152\">Franco bordo :<\/td>\n<td width=\"187\">50 cm<\/td>\n<td width=\"176\">55 cm<\/td>\n<td width=\"178\">60 cm<\/td>\n<\/tr>\n<tr>\n<td width=\"152\">Borrador:<\/td>\n<td width=\"187\">80 cm<\/td>\n<td width=\"176\">100 cm<\/td>\n<td width=\"178\">120 cm<\/td>\n<\/tr>\n<tr>\n<td width=\"152\">Peso\/m (promedio):<\/td>\n<td width=\"187\">7,7 Kg\/m | 7 Kg\/m<\/td>\n<td width=\"176\">8,2 Kg\/m | 7,4Kg\/m<\/td>\n<td width=\"178\">8,7 Kg\/m | 7,8Kg\/m<\/td>\n<\/tr>\n<tr>\n<td width=\"152\">Resistencia a la rotura (carga de trabajo total de las cuerdas):<\/td>\n<td colspan=\"3\" width=\"540\">17000 Kp<\/td>\n<\/tr>\n<tr>\n<td width=\"152\">Material de red :<\/td>\n<td colspan=\"3\" width=\"540\">Nylon (PA) | UHMWPE<\/td>\n<\/tr>\n<tr>\n<td width=\"152\">Resistencia a la tracci\u00f3n de la red (Promedio):<\/td>\n<td colspan=\"3\" width=\"540\">Longitudinales 5100Kp\/m | Transversal 9000Kp\/m<\/td>\n<\/tr>\n<tr>\n<td width=\"152\">Longitud de la secci\u00f3n :<\/td>\n<td colspan=\"3\" width=\"540\">20m, 25m y personalizado<\/td>\n<\/tr>\n<\/tbody>\n<\/table>\n[\/gt3_custom_text][\/vc_tta_section][\/vc_tta_accordion][\/vc_column][\/vc_row][vc_row][vc_column][gt3_spacing height=&#8221;32px&#8221;][gt3_custom_text text_color=&#8221;#737d84&#8243; font_size=&#8221;40&#8243;]\n<p style=\"text-align: center;\"><span>FOTOS DE LA APLICACI\u00d3N<\/span><\/p>\n[\/gt3_custom_text][gt3_gallery_packery images=&#8221;4592,4593,4594,4595,4596,4597&#8243; packery_layout=&#8221;pls_4items&#8221;][gt3_spacing height=&#8221;32px&#8221;][gt3_button button_title=&#8221;Back&#8221; button_alignment=&#8221;right&#8221; link=&#8221;url:https%3A%2F%2Fokeanisbarriers.com%2Findex.php%2Fproducts%2Fdebris-barriers%2F|title:Debris%20Barriers&#8221;][\/vc_column][\/vc_row]\n<\/div>","protected":false},"excerpt":{"rendered":"<p>[vc_section full_width=&#8221;stretch_row&#8221; css=&#8221;.vc_custom_1690983864276{margin-top: -100px !important;background: #e0e0cd url(https:\/\/okeanisbarriers.com\/wp-content\/uploads\/2018\/05\/pattern_bottom.png?id=3693) !important;}&#8221;][vc_row column_separator_row=&#8221;&#8221; masked_row=&#8221;&#8221;][vc_column][gt3_custom_text text_color=&#8221;#ffffff&#8221; font_size=&#8221;34&#8243;] Defendiendo los desechos, protegiendo los oc\u00e9anos [\/gt3_custom_text][gt3_spacing height=&#8221;32px&#8221;][\/vc_column][\/vc_row][\/vc_section][vc_row][vc_column][gt3_spacing height=&#8221;60px&#8221;][gt3_custom_text text_color=&#8221;#6a7178&#8243; font_size=&#8221;40&#8243;] Okean-Net (Boom de debris tipo cerca) [\/gt3_custom_text][gt3_spacing height=&#8221;32px&#8221;][gt3_custom_text text_color=&#8221;#737d84&#8243; font_size=&#8221;16&#8243;]La barrera flotante para desechos Okean-FNet, es el producto m\u00e1s popular y comercial con la m\u00e1s amplia gama de aplicaciones. &nbsp; Se trata [&hellip;]<\/p>\n","protected":false},"author":1,"featured_media":5468,"parent":4482,"menu_order":0,"comment_status":"closed","ping_status":"closed","template":"","meta":{"footnotes":""},"class_list":["post-4525","page","type-page","status-publish","has-post-thumbnail","hentry"],"yoast_head":"<!-- This site is optimized with the Yoast SEO plugin v24.7 - https:\/\/yoast.com\/wordpress\/plugins\/seo\/ -->\n<title>Okean-FNet - Floating Barriers &amp; Booms %<\/title>\n<meta name=\"description\" content=\"%\" \/>\n<meta name=\"robots\" content=\"index, follow, max-snippet:-1, max-image-preview:large, max-video-preview:-1\" \/>\n<link rel=\"canonical\" href=\"https:\/\/okeanisbarriers.com\/index.php\/es\/products\/debris-barriers\/okean-fnet\/\" \/>\n<meta property=\"og:locale\" content=\"en_US\" \/>\n<meta property=\"og:type\" content=\"article\" \/>\n<meta property=\"og:title\" content=\"Okean-FNet - Floating Barriers &amp; Booms %\" \/>\n<meta property=\"og:description\" content=\"%\" \/>\n<meta property=\"og:url\" content=\"https:\/\/okeanisbarriers.com\/index.php\/es\/products\/debris-barriers\/okean-fnet\/\" \/>\n<meta property=\"og:site_name\" content=\"Floating Barriers &amp; Booms\" \/>\n<meta property=\"article:publisher\" content=\"https:\/\/www.facebook.com\/okeanis.floating.booms\/\" \/>\n<meta property=\"article:modified_time\" content=\"2025-01-15T04:04:55+00:00\" \/>\n<meta property=\"og:image\" content=\"https:\/\/okeanisbarriers.com\/wp-content\/uploads\/2025\/01\/f-net_500.jpg\" \/>\n\t<meta property=\"og:image:width\" content=\"500\" \/>\n\t<meta property=\"og:image:height\" content=\"375\" \/>\n\t<meta property=\"og:image:type\" content=\"image\/jpeg\" \/>\n<meta name=\"twitter:card\" content=\"summary_large_image\" \/>\n<meta name=\"twitter:label1\" content=\"Est. reading time\" \/>\n\t<meta name=\"twitter:data1\" content=\"3 minutes\" \/>\n<script type=\"application\/ld+json\" class=\"yoast-schema-graph\">{\"@context\":\"https:\/\/schema.org\",\"@graph\":[{\"@type\":\"WebPage\",\"@id\":\"https:\/\/okeanisbarriers.com\/index.php\/es\/products\/debris-barriers\/okean-fnet\/\",\"url\":\"https:\/\/okeanisbarriers.com\/index.php\/es\/products\/debris-barriers\/okean-fnet\/\",\"name\":\"Okean-FNet - Floating Barriers &amp; Booms %\",\"isPartOf\":{\"@id\":\"https:\/\/okeanisbarriers.com\/#website\"},\"primaryImageOfPage\":{\"@id\":\"https:\/\/okeanisbarriers.com\/index.php\/es\/products\/debris-barriers\/okean-fnet\/#primaryimage\"},\"image\":{\"@id\":\"https:\/\/okeanisbarriers.com\/index.php\/es\/products\/debris-barriers\/okean-fnet\/#primaryimage\"},\"thumbnailUrl\":\"https:\/\/okeanisbarriers.com\/wp-content\/uploads\/2025\/01\/f-net_500.jpg\",\"datePublished\":\"2023-08-03T02:37:32+00:00\",\"dateModified\":\"2025-01-15T04:04:55+00:00\",\"description\":\"%\",\"breadcrumb\":{\"@id\":\"https:\/\/okeanisbarriers.com\/index.php\/es\/products\/debris-barriers\/okean-fnet\/#breadcrumb\"},\"inLanguage\":\"en-US\",\"potentialAction\":[{\"@type\":\"ReadAction\",\"target\":[\"https:\/\/okeanisbarriers.com\/index.php\/es\/products\/debris-barriers\/okean-fnet\/\"]}]},{\"@type\":\"ImageObject\",\"inLanguage\":\"en-US\",\"@id\":\"https:\/\/okeanisbarriers.com\/index.php\/es\/products\/debris-barriers\/okean-fnet\/#primaryimage\",\"url\":\"https:\/\/okeanisbarriers.com\/wp-content\/uploads\/2025\/01\/f-net_500.jpg\",\"contentUrl\":\"https:\/\/okeanisbarriers.com\/wp-content\/uploads\/2025\/01\/f-net_500.jpg\",\"width\":500,\"height\":375},{\"@type\":\"BreadcrumbList\",\"@id\":\"https:\/\/okeanisbarriers.com\/index.php\/es\/products\/debris-barriers\/okean-fnet\/#breadcrumb\",\"itemListElement\":[{\"@type\":\"ListItem\",\"position\":1,\"name\":\"Home\",\"item\":\"https:\/\/okeanisbarriers.com\/index.php\/es\/home\/\"},{\"@type\":\"ListItem\",\"position\":2,\"name\":\"Productos\",\"item\":\"https:\/\/okeanisbarriers.com\/index.php\/es\/products\/\"},{\"@type\":\"ListItem\",\"position\":3,\"name\":\"Barreras de debris\",\"item\":\"https:\/\/okeanisbarriers.com\/index.php\/es\/products\/debris-barriers\/\"},{\"@type\":\"ListItem\",\"position\":4,\"name\":\"Okean-FNet\"}]},{\"@type\":\"WebSite\",\"@id\":\"https:\/\/okeanisbarriers.com\/#website\",\"url\":\"https:\/\/okeanisbarriers.com\/\",\"name\":\"Okeanis - Floating Barriers & Booms\",\"description\":\"Floating barriers&#039; manufacturing\",\"publisher\":{\"@id\":\"https:\/\/okeanisbarriers.com\/#organization\"},\"alternateName\":\"Okeanis Floating Booms\",\"potentialAction\":[{\"@type\":\"SearchAction\",\"target\":{\"@type\":\"EntryPoint\",\"urlTemplate\":\"https:\/\/okeanisbarriers.com\/?s={search_term_string}\"},\"query-input\":{\"@type\":\"PropertyValueSpecification\",\"valueRequired\":true,\"valueName\":\"search_term_string\"}}],\"inLanguage\":\"en-US\"},{\"@type\":\"Organization\",\"@id\":\"https:\/\/okeanisbarriers.com\/#organization\",\"name\":\"Okeanis Floating Barriers & Booms\",\"alternateName\":\"Oceanis Ltd - Floating Booms\",\"url\":\"https:\/\/okeanisbarriers.com\/\",\"logo\":{\"@type\":\"ImageObject\",\"inLanguage\":\"en-US\",\"@id\":\"https:\/\/okeanisbarriers.com\/#\/schema\/logo\/image\/\",\"url\":\"https:\/\/okeanisbarriers.com\/wp-content\/uploads\/2025\/04\/210506_okeanis_New_Logo_0006-scaled.png\",\"contentUrl\":\"https:\/\/okeanisbarriers.com\/wp-content\/uploads\/2025\/04\/210506_okeanis_New_Logo_0006-scaled.png\",\"width\":2316,\"height\":2560,\"caption\":\"Okeanis Floating Barriers & Booms\"},\"image\":{\"@id\":\"https:\/\/okeanisbarriers.com\/#\/schema\/logo\/image\/\"},\"sameAs\":[\"https:\/\/www.facebook.com\/okeanis.floating.booms\/\"]}]}<\/script>\n<!-- \/ Yoast SEO plugin. -->","yoast_head_json":{"title":"Okean-FNet - Floating Barriers &amp; Booms %","description":"%","robots":{"index":"index","follow":"follow","max-snippet":"max-snippet:-1","max-image-preview":"max-image-preview:large","max-video-preview":"max-video-preview:-1"},"canonical":"https:\/\/okeanisbarriers.com\/index.php\/es\/products\/debris-barriers\/okean-fnet\/","og_locale":"en_US","og_type":"article","og_title":"Okean-FNet - Floating Barriers &amp; Booms %","og_description":"%","og_url":"https:\/\/okeanisbarriers.com\/index.php\/es\/products\/debris-barriers\/okean-fnet\/","og_site_name":"Floating Barriers &amp; Booms","article_publisher":"https:\/\/www.facebook.com\/okeanis.floating.booms\/","article_modified_time":"2025-01-15T04:04:55+00:00","og_image":[{"width":500,"height":375,"url":"https:\/\/okeanisbarriers.com\/wp-content\/uploads\/2025\/01\/f-net_500.jpg","type":"image\/jpeg"}],"twitter_card":"summary_large_image","twitter_misc":{"Est. reading time":"3 minutes"},"schema":{"@context":"https:\/\/schema.org","@graph":[{"@type":"WebPage","@id":"https:\/\/okeanisbarriers.com\/index.php\/es\/products\/debris-barriers\/okean-fnet\/","url":"https:\/\/okeanisbarriers.com\/index.php\/es\/products\/debris-barriers\/okean-fnet\/","name":"Okean-FNet - Floating Barriers &amp; Booms %","isPartOf":{"@id":"https:\/\/okeanisbarriers.com\/#website"},"primaryImageOfPage":{"@id":"https:\/\/okeanisbarriers.com\/index.php\/es\/products\/debris-barriers\/okean-fnet\/#primaryimage"},"image":{"@id":"https:\/\/okeanisbarriers.com\/index.php\/es\/products\/debris-barriers\/okean-fnet\/#primaryimage"},"thumbnailUrl":"https:\/\/okeanisbarriers.com\/wp-content\/uploads\/2025\/01\/f-net_500.jpg","datePublished":"2023-08-03T02:37:32+00:00","dateModified":"2025-01-15T04:04:55+00:00","description":"%","breadcrumb":{"@id":"https:\/\/okeanisbarriers.com\/index.php\/es\/products\/debris-barriers\/okean-fnet\/#breadcrumb"},"inLanguage":"en-US","potentialAction":[{"@type":"ReadAction","target":["https:\/\/okeanisbarriers.com\/index.php\/es\/products\/debris-barriers\/okean-fnet\/"]}]},{"@type":"ImageObject","inLanguage":"en-US","@id":"https:\/\/okeanisbarriers.com\/index.php\/es\/products\/debris-barriers\/okean-fnet\/#primaryimage","url":"https:\/\/okeanisbarriers.com\/wp-content\/uploads\/2025\/01\/f-net_500.jpg","contentUrl":"https:\/\/okeanisbarriers.com\/wp-content\/uploads\/2025\/01\/f-net_500.jpg","width":500,"height":375},{"@type":"BreadcrumbList","@id":"https:\/\/okeanisbarriers.com\/index.php\/es\/products\/debris-barriers\/okean-fnet\/#breadcrumb","itemListElement":[{"@type":"ListItem","position":1,"name":"Home","item":"https:\/\/okeanisbarriers.com\/index.php\/es\/home\/"},{"@type":"ListItem","position":2,"name":"Productos","item":"https:\/\/okeanisbarriers.com\/index.php\/es\/products\/"},{"@type":"ListItem","position":3,"name":"Barreras de debris","item":"https:\/\/okeanisbarriers.com\/index.php\/es\/products\/debris-barriers\/"},{"@type":"ListItem","position":4,"name":"Okean-FNet"}]},{"@type":"WebSite","@id":"https:\/\/okeanisbarriers.com\/#website","url":"https:\/\/okeanisbarriers.com\/","name":"Okeanis - Floating Barriers & Booms","description":"Floating barriers&#039; manufacturing","publisher":{"@id":"https:\/\/okeanisbarriers.com\/#organization"},"alternateName":"Okeanis Floating Booms","potentialAction":[{"@type":"SearchAction","target":{"@type":"EntryPoint","urlTemplate":"https:\/\/okeanisbarriers.com\/?s={search_term_string}"},"query-input":{"@type":"PropertyValueSpecification","valueRequired":true,"valueName":"search_term_string"}}],"inLanguage":"en-US"},{"@type":"Organization","@id":"https:\/\/okeanisbarriers.com\/#organization","name":"Okeanis Floating Barriers & Booms","alternateName":"Oceanis Ltd - Floating Booms","url":"https:\/\/okeanisbarriers.com\/","logo":{"@type":"ImageObject","inLanguage":"en-US","@id":"https:\/\/okeanisbarriers.com\/#\/schema\/logo\/image\/","url":"https:\/\/okeanisbarriers.com\/wp-content\/uploads\/2025\/04\/210506_okeanis_New_Logo_0006-scaled.png","contentUrl":"https:\/\/okeanisbarriers.com\/wp-content\/uploads\/2025\/04\/210506_okeanis_New_Logo_0006-scaled.png","width":2316,"height":2560,"caption":"Okeanis Floating Barriers & Booms"},"image":{"@id":"https:\/\/okeanisbarriers.com\/#\/schema\/logo\/image\/"},"sameAs":["https:\/\/www.facebook.com\/okeanis.floating.booms\/"]}]}},"_links":{"self":[{"href":"https:\/\/okeanisbarriers.com\/index.php\/wp-json\/wp\/v2\/pages\/4525","targetHints":{"allow":["GET"]}}],"collection":[{"href":"https:\/\/okeanisbarriers.com\/index.php\/wp-json\/wp\/v2\/pages"}],"about":[{"href":"https:\/\/okeanisbarriers.com\/index.php\/wp-json\/wp\/v2\/types\/page"}],"author":[{"embeddable":true,"href":"https:\/\/okeanisbarriers.com\/index.php\/wp-json\/wp\/v2\/users\/1"}],"replies":[{"embeddable":true,"href":"https:\/\/okeanisbarriers.com\/index.php\/wp-json\/wp\/v2\/comments?post=4525"}],"version-history":[{"count":23,"href":"https:\/\/okeanisbarriers.com\/index.php\/wp-json\/wp\/v2\/pages\/4525\/revisions"}],"predecessor-version":[{"id":5466,"href":"https:\/\/okeanisbarriers.com\/index.php\/wp-json\/wp\/v2\/pages\/4525\/revisions\/5466"}],"up":[{"embeddable":true,"href":"https:\/\/okeanisbarriers.com\/index.php\/wp-json\/wp\/v2\/pages\/4482"}],"wp:featuredmedia":[{"embeddable":true,"href":"https:\/\/okeanisbarriers.com\/index.php\/wp-json\/wp\/v2\/media\/5468"}],"wp:attachment":[{"href":"https:\/\/okeanisbarriers.com\/index.php\/wp-json\/wp\/v2\/media?parent=4525"}],"curies":[{"name":"wp","href":"https:\/\/api.w.org\/{rel}","templated":true}]}}