{"id":4531,"date":"2023-08-03T02:35:28","date_gmt":"2023-08-03T02:35:28","guid":{"rendered":"https:\/\/okeanisbarriers.com\/?page_id=4531"},"modified":"2024-12-08T16:25:13","modified_gmt":"2024-12-08T16:25:13","slug":"okean-hybridnet","status":"publish","type":"page","link":"https:\/\/okeanisbarriers.com\/index.php\/es\/products\/debris-barriers\/okean-hybridnet\/","title":{"rendered":"Okean-HybridNet"},"content":{"rendered":"<div class=\"wpb-content-wrapper\">[vc_section full_width=&#8221;stretch_row&#8221; css=&#8221;.vc_custom_1690983864276{margin-top: -100px !important;background: #e0e0cd url(https:\/\/okeanisbarriers.com\/wp-content\/uploads\/2018\/05\/pattern_bottom.png?id=3693) !important;}&#8221;][vc_row column_separator_row=&#8221;&#8221; masked_row=&#8221;&#8221;][vc_column][gt3_custom_text text_color=&#8221;#ffffff&#8221; font_size=&#8221;34&#8243;]\n<p style=\"text-align: center;\">Defendiendo los desechos, protegiendo los oc\u00e9anos<\/p>\n[\/gt3_custom_text][gt3_spacing height=&#8221;32px&#8221;][\/vc_column][\/vc_row][\/vc_section][vc_row][vc_column][gt3_spacing height=&#8221;60px&#8221;][gt3_custom_text text_color=&#8221;#737d84&#8243; font_size=&#8221;40&#8243;]\n<p style=\"text-align: center;\">Okean-HybridNet (Valla + Cortina flotante para debris)<\/p>\n[\/gt3_custom_text][gt3_spacing height=&#8221;32px&#8221;][gt3_custom_text text_color=&#8221;#737d84&#8243; font_size=&#8221;16&#8243;]La versi\u00f3n Okean-Net Hybrid es una barrera flotante para desechos que combina las caracter\u00edsticas de una cerca y una barrera tipo cortina.<\/p>\n<p>&nbsp;<\/p>\n<p>Fue dise\u00f1ado debido a la necesidad de una mayor eficiencia de contenci\u00f3n cuando se trata de basura pl\u00e1stica y otros contaminantes que se mueven en los niveles del agua media, especialmente en condiciones de olas.<\/p>\n<p>&nbsp;<\/p>\n<p>Para estos casos, la serie de barreras flotantes Okean-HybridNet es la soluci\u00f3n definitiva. Pueden detener y desviar la contaminaci\u00f3n a mayores profundidades, mientras que se puede extender a un sistema de profundidad total y controlar las acumulaciones de algas descompuestas o sellar perfectamente una zona marina para fines especiales, como un sistema disuasivo de medusas o tiburones.<\/p>\n<p>&nbsp;<\/p>\n<p>Consisten en una parte de la valla que proporciona un francobordo alto y la flotabilidad adecuada y una cortina debajo que se puede extender hasta la profundidad deseada.<\/p>\n<p>&nbsp;<\/p>\n<p>Les siguen tres miembros de tensi\u00f3n longitudinales que proporcionan durabilidad y una distribuci\u00f3n suave de la tensi\u00f3n.<\/p>\n<p>&nbsp;<\/p>\n<p>Caracter\u00edsticas t\u00e9cnicas<\/p>\n<ul>\n<li>Alto tiro calado, eficiencia mejorada, los contaminantes no ser\u00e1n arrastrados f\u00e1cilmente debajo del fald\u00f3n en condiciones de olas.<\/li>\n<li>Alto francobordo, los debris no se desbordan al romper las olas.<\/li>\n<li>La malla fina no supone ning\u00fan riesgo para los nadadores ni para la vida marina<\/li>\n<li>Baja fuerza de arrastre debido al material de red<\/li>\n<li>Totalmente adaptable a todos los entornos marinos.<\/li>\n<li>Flexible, el\u00e1stico, amortiguador al choque de las olas<\/li>\n<li>F\u00e1cil manejo, f\u00e1cil de instalar\/desinstalar<\/li>\n<li>Resistente a los rayos UV y a los qu\u00edmicos<\/li>\n<li>Alta resistencia en condiciones clim\u00e1ticas adversas<\/li>\n<li>Respetuoso amigables con el medio ambiente: libre de metales pesados y t\u00f3xicos environments<\/li>\n<li>Adecuado para instalaci\u00f3n permanente o estacional en todos los entornos marinos.<\/li>\n<li>Reciclable despu\u00e9s de su uso.<\/li>\n<li>Disponible en color naranja y azul.<\/li>\n<\/ul>\n<p>Opciones personalizadas como diferentes alturas\/francobordos, colores y atributos est\u00e1n disponibles a pedido solicitud[\/gt3_custom_text][gt3_spacing height=&#8221;32px&#8221;][\/vc_column][\/vc_row][vc_row][vc_column][vc_tta_accordion c_icon=&#8221;chevron&#8221; active_section=&#8221;&#8221; collapsible_all=&#8221;true&#8221;][vc_tta_section title=&#8221;Campo t\u00e9cnico de Okean-HybridNet HD | Ultra&#8221; tab_id=&#8221;1701418897232-bdb03000-344c&#8221;][gt3_custom_text text_color=&#8221;#737d84&#8243; font_size=&#8221;16&#8243;]\n<table width=\"659\">\n<tbody>\n<tr>\n<td width=\"231\">Tipo:<\/td>\n<td width=\"222\">Okean-HybridNet HD XX\/XXX PA<\/td>\n<td width=\"206\">Okean-HybridNet Ultra XX\/XXX<\/td>\n<\/tr>\n<tr>\n<td width=\"231\">Altura total :<\/td>\n<td width=\"222\">2,0m \u2013 5,5m<\/td>\n<td width=\"206\">2,0m \u2013 20,0m<\/td>\n<\/tr>\n<tr>\n<td width=\"231\">Franco bordo :<\/td>\n<td width=\"222\">55 cm<\/td>\n<td width=\"206\">55 cm<\/td>\n<\/tr>\n<tr>\n<td width=\"231\">Borrador:<\/td>\n<td width=\"222\">1,5m \u2013 5,0m<\/td>\n<td width=\"206\">1,5m \u2013 20,0m<\/td>\n<\/tr>\n<tr>\n<td width=\"231\">Altura de la cerca:<\/td>\n<td width=\"222\">120 cm<\/td>\n<td width=\"206\">120 cm<\/td>\n<\/tr>\n<tr>\n<td width=\"231\">Peso\/m (promedio):<\/td>\n<td width=\"222\">8,5Kg\/m &#8211; 12 Kg\/m<\/td>\n<td width=\"206\">7,3 Kg\/m &#8211; 14 Kg\/m<\/td>\n<\/tr>\n<tr>\n<td width=\"231\">Resistencia a la rotura (carga de trabajo total de las cuerdas):<\/td>\n<td width=\"222\">24000 Kp<\/td>\n<td width=\"206\">25500 Kp<\/td>\n<\/tr>\n<tr>\n<td width=\"231\">Material de red :<\/td>\n<td width=\"222\">Nylon (PA)<\/td>\n<td width=\"206\">UHMWPE<\/td>\n<\/tr>\n<tr>\n<td width=\"231\">Resistencia a la tracci\u00f3n de la red (Promedio):<\/td>\n<td width=\"222\">Longitudinales 5100Kp\/m<\/p>\n<p>Transversal 9000Kp\/m<\/td>\n<td width=\"206\">Longitudinales 5300Kp\/m<\/p>\n<p>Transversal 9900Kp\/m<\/td>\n<\/tr>\n<tr>\n<td width=\"231\">Longitud de la secci\u00f3n :<\/td>\n<td colspan=\"2\" width=\"429\">20m, 25m y personalizado<\/td>\n<\/tr>\n<\/tbody>\n<\/table>\n[\/gt3_custom_text][\/vc_tta_section][\/vc_tta_accordion][gt3_spacing height=&#8221;32px&#8221;][\/vc_column][\/vc_row][vc_row][vc_column][gt3_custom_text text_color=&#8221;#737d84&#8243; font_size=&#8221;40&#8243;]\n<p style=\"text-align: center;\"><span>FOTOS DE LA APLICACI\u00d3N<\/span><\/p>\n[\/gt3_custom_text][gt3_gallery_packery images=&#8221;4601,4602,4603,4604,4605,4606&#8243; packery_layout=&#8221;pls_4items&#8221;][gt3_button button_title=&#8221;Back&#8221; button_alignment=&#8221;right&#8221; link=&#8221;url:https%3A%2F%2Fokeanisbarriers.com%2Findex.php%2Fproducts%2Fdebris-barriers%2F|title:Debris%20Barriers&#8221;][\/vc_column][\/vc_row]\n<\/div>","protected":false},"excerpt":{"rendered":"<p>[vc_section full_width=&#8221;stretch_row&#8221; css=&#8221;.vc_custom_1690983864276{margin-top: -100px !important;background: #e0e0cd url(https:\/\/okeanisbarriers.com\/wp-content\/uploads\/2018\/05\/pattern_bottom.png?id=3693) !important;}&#8221;][vc_row column_separator_row=&#8221;&#8221; masked_row=&#8221;&#8221;][vc_column][gt3_custom_text text_color=&#8221;#ffffff&#8221; font_size=&#8221;34&#8243;] Defendiendo los desechos, protegiendo los oc\u00e9anos [\/gt3_custom_text][gt3_spacing height=&#8221;32px&#8221;][\/vc_column][\/vc_row][\/vc_section][vc_row][vc_column][gt3_spacing height=&#8221;60px&#8221;][gt3_custom_text text_color=&#8221;#737d84&#8243; font_size=&#8221;40&#8243;] Okean-HybridNet (Valla + Cortina flotante para debris) [\/gt3_custom_text][gt3_spacing height=&#8221;32px&#8221;][gt3_custom_text text_color=&#8221;#737d84&#8243; font_size=&#8221;16&#8243;]La versi\u00f3n Okean-Net Hybrid es una barrera flotante para desechos que combina las caracter\u00edsticas de una cerca y una barrera tipo cortina. [&hellip;]<\/p>\n","protected":false},"author":1,"featured_media":4603,"parent":4482,"menu_order":0,"comment_status":"closed","ping_status":"closed","template":"","meta":{"footnotes":""},"class_list":["post-4531","page","type-page","status-publish","has-post-thumbnail","hentry"],"yoast_head":"<!-- This site is optimized with the Yoast SEO plugin v24.7 - https:\/\/yoast.com\/wordpress\/plugins\/seo\/ -->\n<title>Okean-HybridNet - Floating Barriers &amp; Booms %<\/title>\n<meta name=\"description\" content=\"%\" \/>\n<meta name=\"robots\" content=\"index, follow, max-snippet:-1, max-image-preview:large, max-video-preview:-1\" \/>\n<link rel=\"canonical\" href=\"https:\/\/okeanisbarriers.com\/index.php\/es\/products\/debris-barriers\/okean-hybridnet\/\" \/>\n<meta property=\"og:locale\" content=\"en_US\" \/>\n<meta property=\"og:type\" content=\"article\" \/>\n<meta property=\"og:title\" content=\"Okean-HybridNet - Floating Barriers &amp; Booms %\" \/>\n<meta property=\"og:description\" content=\"%\" \/>\n<meta property=\"og:url\" content=\"https:\/\/okeanisbarriers.com\/index.php\/es\/products\/debris-barriers\/okean-hybridnet\/\" \/>\n<meta property=\"og:site_name\" content=\"Floating Barriers &amp; Booms\" \/>\n<meta property=\"article:publisher\" content=\"https:\/\/www.facebook.com\/okeanis.floating.booms\/\" \/>\n<meta property=\"article:modified_time\" content=\"2024-12-08T16:25:13+00:00\" \/>\n<meta property=\"og:image\" content=\"https:\/\/okeanisbarriers.com\/wp-content\/uploads\/2023\/08\/hnet_4.jpg\" \/>\n\t<meta property=\"og:image:width\" content=\"1200\" \/>\n\t<meta property=\"og:image:height\" content=\"900\" \/>\n\t<meta property=\"og:image:type\" content=\"image\/jpeg\" \/>\n<meta name=\"twitter:card\" content=\"summary_large_image\" \/>\n<meta name=\"twitter:label1\" content=\"Est. reading time\" \/>\n\t<meta name=\"twitter:data1\" content=\"3 minutes\" \/>\n<script type=\"application\/ld+json\" class=\"yoast-schema-graph\">{\"@context\":\"https:\/\/schema.org\",\"@graph\":[{\"@type\":\"WebPage\",\"@id\":\"https:\/\/okeanisbarriers.com\/index.php\/es\/products\/debris-barriers\/okean-hybridnet\/\",\"url\":\"https:\/\/okeanisbarriers.com\/index.php\/es\/products\/debris-barriers\/okean-hybridnet\/\",\"name\":\"Okean-HybridNet - Floating Barriers &amp; Booms %\",\"isPartOf\":{\"@id\":\"https:\/\/okeanisbarriers.com\/#website\"},\"primaryImageOfPage\":{\"@id\":\"https:\/\/okeanisbarriers.com\/index.php\/es\/products\/debris-barriers\/okean-hybridnet\/#primaryimage\"},\"image\":{\"@id\":\"https:\/\/okeanisbarriers.com\/index.php\/es\/products\/debris-barriers\/okean-hybridnet\/#primaryimage\"},\"thumbnailUrl\":\"https:\/\/okeanisbarriers.com\/wp-content\/uploads\/2023\/08\/hnet_4.jpg\",\"datePublished\":\"2023-08-03T02:35:28+00:00\",\"dateModified\":\"2024-12-08T16:25:13+00:00\",\"description\":\"%\",\"breadcrumb\":{\"@id\":\"https:\/\/okeanisbarriers.com\/index.php\/es\/products\/debris-barriers\/okean-hybridnet\/#breadcrumb\"},\"inLanguage\":\"en-US\",\"potentialAction\":[{\"@type\":\"ReadAction\",\"target\":[\"https:\/\/okeanisbarriers.com\/index.php\/es\/products\/debris-barriers\/okean-hybridnet\/\"]}]},{\"@type\":\"ImageObject\",\"inLanguage\":\"en-US\",\"@id\":\"https:\/\/okeanisbarriers.com\/index.php\/es\/products\/debris-barriers\/okean-hybridnet\/#primaryimage\",\"url\":\"https:\/\/okeanisbarriers.com\/wp-content\/uploads\/2023\/08\/hnet_4.jpg\",\"contentUrl\":\"https:\/\/okeanisbarriers.com\/wp-content\/uploads\/2023\/08\/hnet_4.jpg\",\"width\":1200,\"height\":900},{\"@type\":\"BreadcrumbList\",\"@id\":\"https:\/\/okeanisbarriers.com\/index.php\/es\/products\/debris-barriers\/okean-hybridnet\/#breadcrumb\",\"itemListElement\":[{\"@type\":\"ListItem\",\"position\":1,\"name\":\"Home\",\"item\":\"https:\/\/okeanisbarriers.com\/index.php\/es\/home\/\"},{\"@type\":\"ListItem\",\"position\":2,\"name\":\"Productos\",\"item\":\"https:\/\/okeanisbarriers.com\/index.php\/es\/products\/\"},{\"@type\":\"ListItem\",\"position\":3,\"name\":\"Barreras de debris\",\"item\":\"https:\/\/okeanisbarriers.com\/index.php\/es\/products\/debris-barriers\/\"},{\"@type\":\"ListItem\",\"position\":4,\"name\":\"Okean-HybridNet\"}]},{\"@type\":\"WebSite\",\"@id\":\"https:\/\/okeanisbarriers.com\/#website\",\"url\":\"https:\/\/okeanisbarriers.com\/\",\"name\":\"Okeanis - Floating Barriers & Booms\",\"description\":\"Floating barriers&#039; manufacturing\",\"publisher\":{\"@id\":\"https:\/\/okeanisbarriers.com\/#organization\"},\"alternateName\":\"Okeanis Floating Booms\",\"potentialAction\":[{\"@type\":\"SearchAction\",\"target\":{\"@type\":\"EntryPoint\",\"urlTemplate\":\"https:\/\/okeanisbarriers.com\/?s={search_term_string}\"},\"query-input\":{\"@type\":\"PropertyValueSpecification\",\"valueRequired\":true,\"valueName\":\"search_term_string\"}}],\"inLanguage\":\"en-US\"},{\"@type\":\"Organization\",\"@id\":\"https:\/\/okeanisbarriers.com\/#organization\",\"name\":\"Okeanis Floating Barriers & Booms\",\"alternateName\":\"Oceanis Ltd - Floating Booms\",\"url\":\"https:\/\/okeanisbarriers.com\/\",\"logo\":{\"@type\":\"ImageObject\",\"inLanguage\":\"en-US\",\"@id\":\"https:\/\/okeanisbarriers.com\/#\/schema\/logo\/image\/\",\"url\":\"https:\/\/okeanisbarriers.com\/wp-content\/uploads\/2025\/04\/210506_okeanis_New_Logo_0006-scaled.png\",\"contentUrl\":\"https:\/\/okeanisbarriers.com\/wp-content\/uploads\/2025\/04\/210506_okeanis_New_Logo_0006-scaled.png\",\"width\":2316,\"height\":2560,\"caption\":\"Okeanis Floating Barriers & Booms\"},\"image\":{\"@id\":\"https:\/\/okeanisbarriers.com\/#\/schema\/logo\/image\/\"},\"sameAs\":[\"https:\/\/www.facebook.com\/okeanis.floating.booms\/\"]}]}<\/script>\n<!-- \/ Yoast SEO plugin. -->","yoast_head_json":{"title":"Okean-HybridNet - Floating Barriers &amp; Booms %","description":"%","robots":{"index":"index","follow":"follow","max-snippet":"max-snippet:-1","max-image-preview":"max-image-preview:large","max-video-preview":"max-video-preview:-1"},"canonical":"https:\/\/okeanisbarriers.com\/index.php\/es\/products\/debris-barriers\/okean-hybridnet\/","og_locale":"en_US","og_type":"article","og_title":"Okean-HybridNet - Floating Barriers &amp; Booms %","og_description":"%","og_url":"https:\/\/okeanisbarriers.com\/index.php\/es\/products\/debris-barriers\/okean-hybridnet\/","og_site_name":"Floating Barriers &amp; Booms","article_publisher":"https:\/\/www.facebook.com\/okeanis.floating.booms\/","article_modified_time":"2024-12-08T16:25:13+00:00","og_image":[{"width":1200,"height":900,"url":"https:\/\/okeanisbarriers.com\/wp-content\/uploads\/2023\/08\/hnet_4.jpg","type":"image\/jpeg"}],"twitter_card":"summary_large_image","twitter_misc":{"Est. reading time":"3 minutes"},"schema":{"@context":"https:\/\/schema.org","@graph":[{"@type":"WebPage","@id":"https:\/\/okeanisbarriers.com\/index.php\/es\/products\/debris-barriers\/okean-hybridnet\/","url":"https:\/\/okeanisbarriers.com\/index.php\/es\/products\/debris-barriers\/okean-hybridnet\/","name":"Okean-HybridNet - Floating Barriers &amp; Booms %","isPartOf":{"@id":"https:\/\/okeanisbarriers.com\/#website"},"primaryImageOfPage":{"@id":"https:\/\/okeanisbarriers.com\/index.php\/es\/products\/debris-barriers\/okean-hybridnet\/#primaryimage"},"image":{"@id":"https:\/\/okeanisbarriers.com\/index.php\/es\/products\/debris-barriers\/okean-hybridnet\/#primaryimage"},"thumbnailUrl":"https:\/\/okeanisbarriers.com\/wp-content\/uploads\/2023\/08\/hnet_4.jpg","datePublished":"2023-08-03T02:35:28+00:00","dateModified":"2024-12-08T16:25:13+00:00","description":"%","breadcrumb":{"@id":"https:\/\/okeanisbarriers.com\/index.php\/es\/products\/debris-barriers\/okean-hybridnet\/#breadcrumb"},"inLanguage":"en-US","potentialAction":[{"@type":"ReadAction","target":["https:\/\/okeanisbarriers.com\/index.php\/es\/products\/debris-barriers\/okean-hybridnet\/"]}]},{"@type":"ImageObject","inLanguage":"en-US","@id":"https:\/\/okeanisbarriers.com\/index.php\/es\/products\/debris-barriers\/okean-hybridnet\/#primaryimage","url":"https:\/\/okeanisbarriers.com\/wp-content\/uploads\/2023\/08\/hnet_4.jpg","contentUrl":"https:\/\/okeanisbarriers.com\/wp-content\/uploads\/2023\/08\/hnet_4.jpg","width":1200,"height":900},{"@type":"BreadcrumbList","@id":"https:\/\/okeanisbarriers.com\/index.php\/es\/products\/debris-barriers\/okean-hybridnet\/#breadcrumb","itemListElement":[{"@type":"ListItem","position":1,"name":"Home","item":"https:\/\/okeanisbarriers.com\/index.php\/es\/home\/"},{"@type":"ListItem","position":2,"name":"Productos","item":"https:\/\/okeanisbarriers.com\/index.php\/es\/products\/"},{"@type":"ListItem","position":3,"name":"Barreras de debris","item":"https:\/\/okeanisbarriers.com\/index.php\/es\/products\/debris-barriers\/"},{"@type":"ListItem","position":4,"name":"Okean-HybridNet"}]},{"@type":"WebSite","@id":"https:\/\/okeanisbarriers.com\/#website","url":"https:\/\/okeanisbarriers.com\/","name":"Okeanis - Floating Barriers & Booms","description":"Floating barriers&#039; manufacturing","publisher":{"@id":"https:\/\/okeanisbarriers.com\/#organization"},"alternateName":"Okeanis Floating Booms","potentialAction":[{"@type":"SearchAction","target":{"@type":"EntryPoint","urlTemplate":"https:\/\/okeanisbarriers.com\/?s={search_term_string}"},"query-input":{"@type":"PropertyValueSpecification","valueRequired":true,"valueName":"search_term_string"}}],"inLanguage":"en-US"},{"@type":"Organization","@id":"https:\/\/okeanisbarriers.com\/#organization","name":"Okeanis Floating Barriers & Booms","alternateName":"Oceanis Ltd - Floating Booms","url":"https:\/\/okeanisbarriers.com\/","logo":{"@type":"ImageObject","inLanguage":"en-US","@id":"https:\/\/okeanisbarriers.com\/#\/schema\/logo\/image\/","url":"https:\/\/okeanisbarriers.com\/wp-content\/uploads\/2025\/04\/210506_okeanis_New_Logo_0006-scaled.png","contentUrl":"https:\/\/okeanisbarriers.com\/wp-content\/uploads\/2025\/04\/210506_okeanis_New_Logo_0006-scaled.png","width":2316,"height":2560,"caption":"Okeanis Floating Barriers & Booms"},"image":{"@id":"https:\/\/okeanisbarriers.com\/#\/schema\/logo\/image\/"},"sameAs":["https:\/\/www.facebook.com\/okeanis.floating.booms\/"]}]}},"_links":{"self":[{"href":"https:\/\/okeanisbarriers.com\/index.php\/wp-json\/wp\/v2\/pages\/4531","targetHints":{"allow":["GET"]}}],"collection":[{"href":"https:\/\/okeanisbarriers.com\/index.php\/wp-json\/wp\/v2\/pages"}],"about":[{"href":"https:\/\/okeanisbarriers.com\/index.php\/wp-json\/wp\/v2\/types\/page"}],"author":[{"embeddable":true,"href":"https:\/\/okeanisbarriers.com\/index.php\/wp-json\/wp\/v2\/users\/1"}],"replies":[{"embeddable":true,"href":"https:\/\/okeanisbarriers.com\/index.php\/wp-json\/wp\/v2\/comments?post=4531"}],"version-history":[{"count":16,"href":"https:\/\/okeanisbarriers.com\/index.php\/wp-json\/wp\/v2\/pages\/4531\/revisions"}],"predecessor-version":[{"id":5420,"href":"https:\/\/okeanisbarriers.com\/index.php\/wp-json\/wp\/v2\/pages\/4531\/revisions\/5420"}],"up":[{"embeddable":true,"href":"https:\/\/okeanisbarriers.com\/index.php\/wp-json\/wp\/v2\/pages\/4482"}],"wp:featuredmedia":[{"embeddable":true,"href":"https:\/\/okeanisbarriers.com\/index.php\/wp-json\/wp\/v2\/media\/4603"}],"wp:attachment":[{"href":"https:\/\/okeanisbarriers.com\/index.php\/wp-json\/wp\/v2\/media?parent=4531"}],"curies":[{"name":"wp","href":"https:\/\/api.w.org\/{rel}","templated":true}]}}